{"id":7,"date":"2020-06-02T17:26:52","date_gmt":"2020-06-02T17:26:52","guid":{"rendered":"https:\/\/www.tesisinformatica.es\/cms\/?page_id=7"},"modified":"2026-01-12T12:13:15","modified_gmt":"2026-01-12T11:13:15","slug":"inicio","status":"publish","type":"page","link":"https:\/\/www.tesisinformatica.es\/cms\/","title":{"rendered":"Inicio"},"content":{"rendered":"<p>[et_pb_section fb_built=\u00bb1&#8243; fullwidth=\u00bbon\u00bb _builder_version=\u00bb4.17.4&#8243; _module_preset=\u00bbdefault\u00bb module_alignment=\u00bbcenter\u00bb animation_style=\u00bbfade\u00bb animation_duration=\u00bb500ms\u00bb animation_speed_curve=\u00bblinear\u00bb hover_transition_duration=\u00bb200ms\u00bb hover_transition_delay=\u00bb50ms\u00bb da_disable_devices=\u00bboff|off|off\u00bb global_colors_info=\u00bb{}\u00bb da_is_popup=\u00bboff\u00bb da_exit_intent=\u00bboff\u00bb da_has_close=\u00bbon\u00bb da_alt_close=\u00bboff\u00bb da_dark_close=\u00bboff\u00bb da_not_modal=\u00bbon\u00bb da_is_singular=\u00bboff\u00bb da_with_loader=\u00bboff\u00bb da_has_shadow=\u00bbon\u00bb][et_pb_fullwidth_slider _builder_version=\u00bb4.27.4&#8243; _module_preset=\u00bbdefault\u00bb background_image=\u00bbhttps:\/\/www.tesisinformatica.es\/cms\/wp-content\/uploads\/2024\/09\/Servicios-2024v6.jpg\u00bb width=\u00bb100%\u00bb max_width=\u00bb100%\u00bb module_alignment=\u00bbcenter\u00bb custom_padding=\u00bb||31%||false|false\u00bb auto=\u00bbon\u00bb auto_speed=\u00bb5000&#8243; hover_transition_duration=\u00bb100ms\u00bb hover_transition_delay=\u00bb50ms\u00bb hover_enabled=\u00bb0&#8243; global_colors_info=\u00bb{}\u00bb sticky_enabled=\u00bb0&#8243;][et_pb_slide use_bg_overlay=\u00bboff\u00bb admin_title=\u00bbSoftware PYME\u00bb _builder_version=\u00bb4.27.4&#8243; _module_preset=\u00bbdefault\u00bb background_color=\u00bbRGBA(0,0,0,0)\u00bb background_enable_color=\u00bbon\u00bb background_image=\u00bbhttps:\/\/www.tesisinformatica.es\/cms\/wp-content\/uploads\/2025\/07\/software-pyme.jpg\u00bb background_enable_image=\u00bbon\u00bb global_colors_info=\u00bb{}\u00bb sticky_transition=\u00bbon\u00bb][\/et_pb_slide][et_pb_slide admin_title=\u00bbServicios\u00bb _builder_version=\u00bb4.27.4&#8243; _module_preset=\u00bbdefault\u00bb background_color=\u00bbRGBA(255,255,255,0)\u00bb background_enable_color=\u00bbon\u00bb background_image=\u00bbhttps:\/\/www.tesisinformatica.es\/cms\/wp-content\/uploads\/2025\/03\/100&#215;100.jpg\u00bb background_enable_image=\u00bbon\u00bb background_size=\u00bbcontain\u00bb global_colors_info=\u00bb{}\u00bb sticky_transition=\u00bbon\u00bb][\/et_pb_slide][et_pb_slide use_bg_overlay=\u00bboff\u00bb admin_title=\u00bbMantenimiento Informatico\u00bb _builder_version=\u00bb4.25.1&#8243; _module_preset=\u00bbdefault\u00bb background_enable_color=\u00bboff\u00bb background_image=\u00bbhttps:\/\/www.tesisinformatica.es\/cms\/wp-content\/uploads\/2021\/05\/servicio-tecnico-tesis4.jpg\u00bb background_enable_image=\u00bbon\u00bb global_colors_info=\u00bb{}\u00bb sticky_transition=\u00bbon\u00bb][\/et_pb_slide][\/et_pb_fullwidth_slider][\/et_pb_section][et_pb_section fb_built=\u00bb1&#8243; admin_label=\u00bbFeature\u00bb _builder_version=\u00bb4.16&#8243; use_background_color_gradient=\u00bbon\u00bb background_color_gradient_direction=\u00bb360deg\u00bb background_color_gradient_stops=\u00bb#00ffd8 0%|#017eff 100%\u00bb background_color_gradient_start=\u00bb#00ffd8&#8243; background_color_gradient_end=\u00bb#017eff\u00bb background_image=\u00bbhttps:\/\/www.tesisinformatica.es\/cms\/wp-content\/uploads\/2020\/06\/cyber-security-03-1.png\u00bb background_position=\u00bbtop_center\u00bb max_width=\u00bb1500px\u00bb module_alignment=\u00bbcenter\u00bb custom_margin=\u00bb||4px||false|false\u00bb custom_padding=\u00bb2vw||7vw||false|false\u00bb da_disable_devices=\u00bboff|off|off\u00bb locked=\u00bboff\u00bb global_colors_info=\u00bb{}\u00bb da_is_popup=\u00bboff\u00bb da_exit_intent=\u00bboff\u00bb da_has_close=\u00bbon\u00bb da_alt_close=\u00bboff\u00bb da_dark_close=\u00bboff\u00bb da_not_modal=\u00bbon\u00bb da_is_singular=\u00bboff\u00bb da_with_loader=\u00bboff\u00bb da_has_shadow=\u00bbon\u00bb][et_pb_row _builder_version=\u00bb4.16&#8243; _module_preset=\u00bbdefault\u00bb global_colors_info=\u00bb{}\u00bb][et_pb_column type=\u00bb4_4&#8243; _builder_version=\u00bb4.16&#8243; _module_preset=\u00bbdefault\u00bb global_colors_info=\u00bb{}\u00bb][et_pb_text _builder_version=\u00bb4.16&#8243; _module_preset=\u00bbdefault\u00bb global_colors_info=\u00bb{}\u00bb]<\/p>\n<h1 style=\"text-align: center;\"><span style=\"color: #ffffff;\">Nuestros Servicios<\/span><\/h1>\n<p>[\/et_pb_text][\/et_pb_column][\/et_pb_row][et_pb_row _builder_version=\u00bb4.16&#8243; z_index=\u00bb1&#8243; global_colors_info=\u00bb{}\u00bb][et_pb_column type=\u00bb4_4&#8243; _builder_version=\u00bb4.16&#8243; global_colors_info=\u00bb{}\u00bb][et_pb_blurb title=\u00bbServicio T\u00e9cnico\u00bb image=\u00bbhttps:\/\/www.tesisinformatica.es\/cms\/wp-content\/uploads\/2020\/06\/cyber-security-icon-16.png\u00bb icon_placement=\u00bbleft\u00bb image_icon_width=\u00bb120px\u00bb image_icon_width_tablet=\u00bb120px\u00bb image_icon_width_phone=\u00bb50px\u00bb image_icon_width_last_edited=\u00bbon|phone\u00bb _builder_version=\u00bb4.16&#8243; _dynamic_attributes=\u00bblink_option_url\u00bb header_font=\u00bbLexend Deca|900|||||||\u00bb header_line_height=\u00bb1.4em\u00bb body_font=\u00bbLexend Deca|300|||||||\u00bb body_line_height=\u00bb1.8em\u00bb background_color=\u00bb#ffffff\u00bb text_orientation=\u00bbcenter\u00bb custom_padding=\u00bb24px|20px|24px|20px|true|true\u00bb link_option_url=\u00bb@ET-DC@eyJkeW5hbWljIjp0cnVlLCJjb250ZW50IjoicG9zdF9saW5rX3VybF9wYWdlIiwic2V0dGluZ3MiOnsicG9zdF9pZCI6IjYxIn19@\u00bb border_radii=\u00bbon|10px|10px|10px|10px\u00bb box_shadow_style=\u00bbpreset1&#8243; box_shadow_vertical=\u00bb10px\u00bb box_shadow_blur=\u00bb60px\u00bb box_shadow_color=\u00bbrgba(10,45,97,0.1)\u00bb image_max_width=\u00bb120px\u00bb image_max_width_tablet=\u00bb\u00bb image_max_width_phone=\u00bb50px\u00bb image_max_width_last_edited=\u00bbon|phone\u00bb locked=\u00bboff\u00bb global_colors_info=\u00bb{}\u00bb]<\/p>\n<p style=\"text-align: justify;\">Ofrecemos soluciones inform\u00e1ticas que cubren todas las necesidades de la peque\u00f1a empresa.<\/p>\n<p>[\/et_pb_blurb][et_pb_blurb title=\u00bbSoftware Pyme\u00bb image=\u00bbhttps:\/\/www.tesisinformatica.es\/cms\/wp-content\/uploads\/2021\/03\/1X_Hosting_Illustration_03.png\u00bb icon_placement=\u00bbleft\u00bb image_icon_width=\u00bb120px\u00bb image_icon_width_tablet=\u00bb120px\u00bb image_icon_width_phone=\u00bb50px\u00bb image_icon_width_last_edited=\u00bbon|phone\u00bb _builder_version=\u00bb4.16&#8243; _dynamic_attributes=\u00bblink_option_url\u00bb header_font=\u00bbLexend Deca|900|||||||\u00bb header_line_height=\u00bb1.4em\u00bb body_font=\u00bbLexend Deca|300|||||||\u00bb body_line_height=\u00bb1.8em\u00bb background_color=\u00bb#ffffff\u00bb text_orientation=\u00bbcenter\u00bb custom_padding=\u00bb24px|20px|24px|20px|true|true\u00bb link_option_url=\u00bb@ET-DC@eyJkeW5hbWljIjp0cnVlLCJjb250ZW50IjoicG9zdF9saW5rX3VybF9wYWdlIiwic2V0dGluZ3MiOnsicG9zdF9pZCI6IjQwMDcifX0=@\u00bb border_radii=\u00bbon|10px|10px|10px|10px\u00bb box_shadow_style=\u00bbpreset1&#8243; box_shadow_vertical=\u00bb10px\u00bb box_shadow_blur=\u00bb60px\u00bb box_shadow_color=\u00bbrgba(10,45,97,0.1)\u00bb image_max_width=\u00bb120px\u00bb image_max_width_tablet=\u00bb\u00bb image_max_width_phone=\u00bb50px\u00bb image_max_width_last_edited=\u00bbon|phone\u00bb locked=\u00bboff\u00bb global_colors_info=\u00bb{}\u00bb]<\/p>\n<p style=\"text-align: justify;\">Somos distribuidores oficiales de las aplicaciones para la peque\u00f1a empresa Divacon, DivaGes y DivaPlus<\/p>\n<p>[\/et_pb_blurb][et_pb_blurb title=\u00bbProtecci\u00f3n de datos\u00bb image=\u00bbhttps:\/\/www.tesisinformatica.es\/cms\/wp-content\/uploads\/2020\/06\/cyber-security-illustrated-icons-06.png\u00bb icon_placement=\u00bbleft\u00bb image_icon_width=\u00bb120px\u00bb image_icon_width_tablet=\u00bb120px\u00bb image_icon_width_phone=\u00bb50px\u00bb image_icon_width_last_edited=\u00bbon|phone\u00bb disabled_on=\u00bbon|on|on\u00bb _builder_version=\u00bb4.27.4&#8243; _dynamic_attributes=\u00bblink_option_url\u00bb header_font=\u00bbLexend Deca|900|||||||\u00bb header_line_height=\u00bb1.4em\u00bb body_font=\u00bbLexend Deca|300|||||||\u00bb body_line_height=\u00bb1.8em\u00bb background_color=\u00bb#ffffff\u00bb text_orientation=\u00bbcenter\u00bb custom_padding=\u00bb24px|20px|24px|20px|true|true\u00bb link_option_url=\u00bb@ET-DC@eyJkeW5hbWljIjp0cnVlLCJjb250ZW50IjoicG9zdF9saW5rX3VybF9wYWdlIiwic2V0dGluZ3MiOnsicG9zdF9pZCI6IjQwNDkifX0=@\u00bb border_radii=\u00bbon|10px|10px|10px|10px\u00bb box_shadow_style=\u00bbpreset1&#8243; box_shadow_vertical=\u00bb10px\u00bb box_shadow_blur=\u00bb60px\u00bb box_shadow_color=\u00bbrgba(10,45,97,0.1)\u00bb image_max_width=\u00bb120px\u00bb image_max_width_tablet=\u00bb\u00bb image_max_width_phone=\u00bb50px\u00bb image_max_width_last_edited=\u00bbon|phone\u00bb disabled=\u00bbon\u00bb locked=\u00bboff\u00bb global_colors_info=\u00bb{}\u00bb]<\/p>\n<p style=\"text-align: justify;\">Desarrollaremos todos los apartados de la implantaci\u00f3n: t\u00e9cnico, burocr\u00e1tico, legal y organizativo.<\/p>\n<p>[\/et_pb_blurb][\/et_pb_column][\/et_pb_row][\/et_pb_section][et_pb_section fb_built=\u00bb1&#8243; disabled_on=\u00bbon|on|on\u00bb _builder_version=\u00bb4.27.4&#8243; _module_preset=\u00bbdefault\u00bb background_enable_image=\u00bboff\u00bb max_width=\u00bb1500px\u00bb module_alignment=\u00bbcenter\u00bb custom_margin=\u00bb0px|0px|0px|0px|false|true\u00bb custom_padding=\u00bb0px|0px|0px|0px|true|true\u00bb da_disable_devices=\u00bboff|off|off\u00bb disabled=\u00bbon\u00bb global_colors_info=\u00bb{}\u00bb da_is_popup=\u00bboff\u00bb da_exit_intent=\u00bboff\u00bb da_has_close=\u00bbon\u00bb da_alt_close=\u00bboff\u00bb da_dark_close=\u00bboff\u00bb da_not_modal=\u00bbon\u00bb da_is_singular=\u00bboff\u00bb da_with_loader=\u00bboff\u00bb da_has_shadow=\u00bbon\u00bb][et_pb_row _builder_version=\u00bb4.16&#8243; _module_preset=\u00bbdefault\u00bb custom_margin=\u00bb2%||||false|false\u00bb global_colors_info=\u00bb{}\u00bb][et_pb_column type=\u00bb4_4&#8243; _builder_version=\u00bb4.16&#8243; _module_preset=\u00bbdefault\u00bb global_colors_info=\u00bb{}\u00bb][et_pb_text _builder_version=\u00bb4.16&#8243; _module_preset=\u00bbdefault\u00bb global_colors_info=\u00bb{}\u00bb]<\/p>\n<h3 style=\"text-align: center;\">\u00bfNecesita un Plan? &#8211; Elija el que mejor se adapte a su empresa<\/h3>\n<p>[\/et_pb_text][\/et_pb_column][\/et_pb_row][et_pb_row _builder_version=\u00bb4.16&#8243; _dynamic_attributes=\u00bblink_option_url\u00bb _module_preset=\u00bbdefault\u00bb link_option_url=\u00bb@ET-DC@eyJkeW5hbWljIjp0cnVlLCJjb250ZW50IjoicG9zdF9saW5rX3VybF9wYWdlIiwic2V0dGluZ3MiOnsicG9zdF9pZCI6IjM4MzkifX0=@\u00bb global_colors_info=\u00bb{}\u00bb][et_pb_column type=\u00bb4_4&#8243; _builder_version=\u00bb4.16&#8243; _module_preset=\u00bbdefault\u00bb global_colors_info=\u00bb{}\u00bb][et_pb_image src=\u00bbhttps:\/\/www.tesisinformatica.es\/cms\/wp-content\/uploads\/2021\/05\/Banner-inferior-en-inicio.png\u00bb title_text=\u00bbBanner-inferior-en-inicio\u00bb _builder_version=\u00bb4.16&#8243; _module_preset=\u00bbdefault\u00bb global_colors_info=\u00bb{}\u00bb][\/et_pb_image][\/et_pb_column][\/et_pb_row][\/et_pb_section][et_pb_section fb_built=\u00bb1&#8243; disabled_on=\u00bbon|on|on\u00bb _builder_version=\u00bb4.27.4&#8243; _module_preset=\u00bbdefault\u00bb use_background_color_gradient=\u00bbon\u00bb background_color_gradient_direction=\u00bb79deg\u00bb background_color_gradient_stops=\u00bb#2b87da 68%|#29c4a9 99%\u00bb custom_margin=\u00bb18px|||||\u00bb custom_padding=\u00bb5px|||||\u00bb da_disable_devices=\u00bboff|off|off\u00bb disabled=\u00bbon\u00bb global_colors_info=\u00bb{}\u00bb da_is_popup=\u00bboff\u00bb da_exit_intent=\u00bboff\u00bb da_has_close=\u00bbon\u00bb da_alt_close=\u00bboff\u00bb da_dark_close=\u00bboff\u00bb da_not_modal=\u00bbon\u00bb da_is_singular=\u00bboff\u00bb da_with_loader=\u00bboff\u00bb da_has_shadow=\u00bbon\u00bb][et_pb_row _builder_version=\u00bb4.16&#8243; _module_preset=\u00bbdefault\u00bb custom_margin=\u00bb2.7%|auto||auto|false|false\u00bb global_colors_info=\u00bb{}\u00bb][et_pb_column type=\u00bb4_4&#8243; _builder_version=\u00bb4.16&#8243; _module_preset=\u00bbdefault\u00bb global_colors_info=\u00bb{}\u00bb][et_pb_text _builder_version=\u00bb4.17.4&#8243; _module_preset=\u00bbdefault\u00bb global_colors_info=\u00bb{}\u00bb]<\/p>\n<h3 style=\"text-align: center;\"><span style=\"color: #ffffff;\">Cuente con nosotros en la prevenci\u00f3n y protecci\u00f3n de sus datos.<\/span><\/h3>\n<p>[\/et_pb_text][\/et_pb_column][\/et_pb_row][et_pb_row _builder_version=\u00bb4.16&#8243; _module_preset=\u00bbdefault\u00bb global_colors_info=\u00bb{}\u00bb][et_pb_column type=\u00bb4_4&#8243; _builder_version=\u00bb4.16&#8243; _module_preset=\u00bbdefault\u00bb global_colors_info=\u00bb{}\u00bb][et_pb_video src=\u00bbhttps:\/\/www.youtube.com\/watch?v=4J89tx5NCBA\u00bb _builder_version=\u00bb4.16&#8243; _module_preset=\u00bbdefault\u00bb global_colors_info=\u00bb{}\u00bb][\/et_pb_video][\/et_pb_column][\/et_pb_row][\/et_pb_section][et_pb_section fb_built=\u00bb1&#8243; _builder_version=\u00bb4.25.1&#8243; _module_preset=\u00bbdefault\u00bb custom_padding=\u00bb||0px|||\u00bb da_disable_devices=\u00bboff|off|off\u00bb global_colors_info=\u00bb{}\u00bb da_is_popup=\u00bboff\u00bb da_exit_intent=\u00bboff\u00bb da_has_close=\u00bbon\u00bb da_alt_close=\u00bboff\u00bb da_dark_close=\u00bboff\u00bb da_not_modal=\u00bbon\u00bb da_is_singular=\u00bboff\u00bb da_with_loader=\u00bboff\u00bb da_has_shadow=\u00bbon\u00bb][et_pb_row column_structure=\u00bb2_3,1_3&#8243; _builder_version=\u00bb4.27.4&#8243; _module_preset=\u00bbdefault\u00bb link_option_url=\u00bbhttps:\/\/www.tesisinformatica.es\/cms\/verifactu\/\u00bb link_option_url_new_window=\u00bbon\u00bb global_colors_info=\u00bb{}\u00bb][et_pb_column type=\u00bb2_3&#8243; _builder_version=\u00bb4.27.4&#8243; _module_preset=\u00bbdefault\u00bb global_colors_info=\u00bb{}\u00bb][et_pb_text _builder_version=\u00bb4.27.4&#8243; _module_preset=\u00bbdefault\u00bb text_font_size=\u00bb16px\u00bb background_color=\u00bbrgba(174,184,193,0.3)\u00bb custom_margin=\u00bb10%||||false|false\u00bb custom_padding=\u00bb20px|20px|20px|20px|false|false\u00bb border_radii=\u00bbon|44px|44px|44px|44px\u00bb global_colors_info=\u00bb{}\u00bb]<\/p>\n<h2 style=\"text-align: center;\">\u00bfQu\u00e9 es<img loading=\"lazy\" decoding=\"async\" src=\"https:\/\/www.tesisinformatica.es\/cms\/wp-content\/uploads\/2025\/07\/logo-verifactu-300x89.png\" width=\"189\" height=\"56\" alt=\"\" class=\"wp-image-10594 alignnone size-medium\" \/>?<\/h2>\n<p>[\/et_pb_text][\/et_pb_column][et_pb_column type=\u00bb1_3&#8243; _builder_version=\u00bb4.27.4&#8243; _module_preset=\u00bbdefault\u00bb global_colors_info=\u00bb{}\u00bb][et_pb_image src=\u00bbhttps:\/\/www.tesisinformatica.es\/cms\/wp-content\/uploads\/2025\/09\/personaje-dudando.png\u00bb title_text=\u00bbpersonaje-dudando\u00bb _builder_version=\u00bb4.27.4&#8243; _module_preset=\u00bbdefault\u00bb width=\u00bb34%\u00bb global_colors_info=\u00bb{}\u00bb][\/et_pb_image][\/et_pb_column][\/et_pb_row][et_pb_row _builder_version=\u00bb4.25.1&#8243; _module_preset=\u00bbdefault\u00bb global_colors_info=\u00bb{}\u00bb][et_pb_column type=\u00bb4_4&#8243; _builder_version=\u00bb4.25.1&#8243; _module_preset=\u00bbdefault\u00bb global_colors_info=\u00bb{}\u00bb][et_pb_image src=\u00bbhttps:\/\/www.tesisinformatica.es\/cms\/wp-content\/uploads\/2024\/06\/banner-fotovoltaicas.jpg\u00bb title_text=\u00bbbanner-fotovoltaicas\u00bb _builder_version=\u00bb4.25.1&#8243; _module_preset=\u00bbdefault\u00bb global_colors_info=\u00bb{}\u00bb][\/et_pb_image][\/et_pb_column][\/et_pb_row][et_pb_row _builder_version=\u00bb4.25.1&#8243; _module_preset=\u00bbdefault\u00bb global_colors_info=\u00bb{}\u00bb][et_pb_column type=\u00bb4_4&#8243; _builder_version=\u00bb4.25.1&#8243; _module_preset=\u00bbdefault\u00bb global_colors_info=\u00bb{}\u00bb][et_pb_text _builder_version=\u00bb4.25.1&#8243; _dynamic_attributes=\u00bblink_option_url\u00bb _module_preset=\u00bbdefault\u00bb link_option_url=\u00bb@ET-DC@eyJkeW5hbWljIjp0cnVlLCJjb250ZW50IjoicG9zdF9saW5rX3VybF9hdHRhY2htZW50Iiwic2V0dGluZ3MiOnsicG9zdF9pZCI6IjY3ODMifX0=@\u00bb link_option_url_new_window=\u00bbon\u00bb global_colors_info=\u00bb{}\u00bb]<\/p>\n<p style=\"text-align: center;\"><span style=\"color: #333399;\"><strong>M\u00e1s informaci\u00f3n<\/strong><\/span><\/p>\n<p>[\/et_pb_text][\/et_pb_column][\/et_pb_row][\/et_pb_section]<\/p>\n","protected":false},"excerpt":{"rendered":"<p>Nuestros ServiciosOfrecemos soluciones inform\u00e1ticas que cubren todas las necesidades de la peque\u00f1a empresa.Somos distribuidores oficiales de las aplicaciones para la peque\u00f1a empresa Divacon, DivaGes y DivaPlusDesarrollaremos todos los apartados de la implantaci\u00f3n: t\u00e9cnico, burocr\u00e1tico, legal y organizativo.\u00bfNecesita un Plan? &#8211; Elija el que mejor se adapte a su empresaCuente con nosotros en la prevenci\u00f3n y [&hellip;]<\/p>\n","protected":false},"author":1,"featured_media":0,"parent":0,"menu_order":0,"comment_status":"closed","ping_status":"closed","template":"","meta":{"_et_pb_use_builder":"on","_et_pb_old_content":"","_et_gb_content_width":"","footnotes":""},"class_list":["post-7","page","type-page","status-publish","hentry"],"yoast_head":"<!-- This site is optimized with the Yoast SEO plugin v27.5 - https:\/\/yoast.com\/product\/yoast-seo-wordpress\/ -->\n<title>Inicio - Tesis Sistemas de Gesti\u00f3n, S.L. - Inform\u00e1tica Profesional<\/title>\n<meta name=\"robots\" content=\"index, follow, max-snippet:-1, max-image-preview:large, max-video-preview:-1\" \/>\n<link rel=\"canonical\" href=\"https:\/\/www.tesisinformatica.es\/cms\/\" \/>\n<meta property=\"og:locale\" content=\"es_ES\" \/>\n<meta property=\"og:type\" content=\"article\" \/>\n<meta property=\"og:title\" content=\"Inicio - Tesis Sistemas de Gesti\u00f3n, S.L. - Inform\u00e1tica Profesional\" \/>\n<meta property=\"og:description\" content=\"Nuestros ServiciosOfrecemos soluciones inform\u00e1ticas que cubren todas las necesidades de la peque\u00f1a empresa.Somos distribuidores oficiales de las aplicaciones para la peque\u00f1a empresa Divacon, DivaGes y DivaPlusDesarrollaremos todos los apartados de la implantaci\u00f3n: t\u00e9cnico, burocr\u00e1tico, legal y organizativo.\u00bfNecesita un Plan? - Elija el que mejor se adapte a su empresaCuente con nosotros en la prevenci\u00f3n y [&hellip;]\" \/>\n<meta property=\"og:url\" content=\"https:\/\/www.tesisinformatica.es\/cms\/\" \/>\n<meta property=\"og:site_name\" content=\"Tesis Sistemas de Gesti\u00f3n, S.L. - Inform\u00e1tica Profesional\" \/>\n<meta property=\"article:modified_time\" content=\"2026-01-12T11:13:15+00:00\" \/>\n<meta property=\"og:image\" content=\"https:\/\/www.tesisinformatica.es\/cms\/wp-content\/uploads\/2025\/07\/logo-verifactu-300x89.png\" \/>\n<meta name=\"twitter:card\" content=\"summary_large_image\" \/>\n<meta name=\"twitter:label1\" content=\"Tiempo de lectura\" \/>\n\t<meta name=\"twitter:data1\" content=\"9 minutos\" \/>\n<script type=\"application\/ld+json\" class=\"yoast-schema-graph\">{\"@context\":\"https:\\\/\\\/schema.org\",\"@graph\":[{\"@type\":\"WebPage\",\"@id\":\"https:\\\/\\\/www.tesisinformatica.es\\\/cms\\\/\",\"url\":\"https:\\\/\\\/www.tesisinformatica.es\\\/cms\\\/\",\"name\":\"Inicio - Tesis Sistemas de Gesti\u00f3n, S.L. - Inform\u00e1tica Profesional\",\"isPartOf\":{\"@id\":\"https:\\\/\\\/www.tesisinformatica.es\\\/cms\\\/#website\"},\"primaryImageOfPage\":{\"@id\":\"https:\\\/\\\/www.tesisinformatica.es\\\/cms\\\/#primaryimage\"},\"image\":{\"@id\":\"https:\\\/\\\/www.tesisinformatica.es\\\/cms\\\/#primaryimage\"},\"thumbnailUrl\":\"https:\\\/\\\/www.tesisinformatica.es\\\/cms\\\/wp-content\\\/uploads\\\/2025\\\/07\\\/logo-verifactu-300x89.png\",\"datePublished\":\"2020-06-02T17:26:52+00:00\",\"dateModified\":\"2026-01-12T11:13:15+00:00\",\"breadcrumb\":{\"@id\":\"https:\\\/\\\/www.tesisinformatica.es\\\/cms\\\/#breadcrumb\"},\"inLanguage\":\"es\",\"potentialAction\":[{\"@type\":\"ReadAction\",\"target\":[\"https:\\\/\\\/www.tesisinformatica.es\\\/cms\\\/\"]}]},{\"@type\":\"ImageObject\",\"inLanguage\":\"es\",\"@id\":\"https:\\\/\\\/www.tesisinformatica.es\\\/cms\\\/#primaryimage\",\"url\":\"https:\\\/\\\/www.tesisinformatica.es\\\/cms\\\/wp-content\\\/uploads\\\/2025\\\/07\\\/logo-verifactu.png\",\"contentUrl\":\"https:\\\/\\\/www.tesisinformatica.es\\\/cms\\\/wp-content\\\/uploads\\\/2025\\\/07\\\/logo-verifactu.png\",\"width\":1920,\"height\":570},{\"@type\":\"BreadcrumbList\",\"@id\":\"https:\\\/\\\/www.tesisinformatica.es\\\/cms\\\/#breadcrumb\",\"itemListElement\":[{\"@type\":\"ListItem\",\"position\":1,\"name\":\"Portada\",\"item\":\"https:\\\/\\\/www.tesisinformatica.es\\\/cms\\\/\"},{\"@type\":\"ListItem\",\"position\":2,\"name\":\"Inicio\"}]},{\"@type\":\"WebSite\",\"@id\":\"https:\\\/\\\/www.tesisinformatica.es\\\/cms\\\/#website\",\"url\":\"https:\\\/\\\/www.tesisinformatica.es\\\/cms\\\/\",\"name\":\"Tesis Sistemas de Gesti\u00f3n, S.L. - Inform\u00e1tica Profesional\",\"description\":\"Ofrecemos soluciones inform\u00e1ticas que cubren todas las necesidades de la peque\u00f1a empresa: Hardware, Software, Servicio T\u00e9cnico.\",\"potentialAction\":[{\"@type\":\"SearchAction\",\"target\":{\"@type\":\"EntryPoint\",\"urlTemplate\":\"https:\\\/\\\/www.tesisinformatica.es\\\/cms\\\/?s={search_term_string}\"},\"query-input\":{\"@type\":\"PropertyValueSpecification\",\"valueRequired\":true,\"valueName\":\"search_term_string\"}}],\"inLanguage\":\"es\"}]}<\/script>\n<!-- \/ Yoast SEO plugin. -->","yoast_head_json":{"title":"Inicio - Tesis Sistemas de Gesti\u00f3n, S.L. - Inform\u00e1tica Profesional","robots":{"index":"index","follow":"follow","max-snippet":"max-snippet:-1","max-image-preview":"max-image-preview:large","max-video-preview":"max-video-preview:-1"},"canonical":"https:\/\/www.tesisinformatica.es\/cms\/","og_locale":"es_ES","og_type":"article","og_title":"Inicio - Tesis Sistemas de Gesti\u00f3n, S.L. - Inform\u00e1tica Profesional","og_description":"Nuestros ServiciosOfrecemos soluciones inform\u00e1ticas que cubren todas las necesidades de la peque\u00f1a empresa.Somos distribuidores oficiales de las aplicaciones para la peque\u00f1a empresa Divacon, DivaGes y DivaPlusDesarrollaremos todos los apartados de la implantaci\u00f3n: t\u00e9cnico, burocr\u00e1tico, legal y organizativo.\u00bfNecesita un Plan? - Elija el que mejor se adapte a su empresaCuente con nosotros en la prevenci\u00f3n y [&hellip;]","og_url":"https:\/\/www.tesisinformatica.es\/cms\/","og_site_name":"Tesis Sistemas de Gesti\u00f3n, S.L. - Inform\u00e1tica Profesional","article_modified_time":"2026-01-12T11:13:15+00:00","og_image":[{"url":"https:\/\/www.tesisinformatica.es\/cms\/wp-content\/uploads\/2025\/07\/logo-verifactu-300x89.png","type":"","width":"","height":""}],"twitter_card":"summary_large_image","twitter_misc":{"Tiempo de lectura":"9 minutos"},"schema":{"@context":"https:\/\/schema.org","@graph":[{"@type":"WebPage","@id":"https:\/\/www.tesisinformatica.es\/cms\/","url":"https:\/\/www.tesisinformatica.es\/cms\/","name":"Inicio - Tesis Sistemas de Gesti\u00f3n, S.L. - Inform\u00e1tica Profesional","isPartOf":{"@id":"https:\/\/www.tesisinformatica.es\/cms\/#website"},"primaryImageOfPage":{"@id":"https:\/\/www.tesisinformatica.es\/cms\/#primaryimage"},"image":{"@id":"https:\/\/www.tesisinformatica.es\/cms\/#primaryimage"},"thumbnailUrl":"https:\/\/www.tesisinformatica.es\/cms\/wp-content\/uploads\/2025\/07\/logo-verifactu-300x89.png","datePublished":"2020-06-02T17:26:52+00:00","dateModified":"2026-01-12T11:13:15+00:00","breadcrumb":{"@id":"https:\/\/www.tesisinformatica.es\/cms\/#breadcrumb"},"inLanguage":"es","potentialAction":[{"@type":"ReadAction","target":["https:\/\/www.tesisinformatica.es\/cms\/"]}]},{"@type":"ImageObject","inLanguage":"es","@id":"https:\/\/www.tesisinformatica.es\/cms\/#primaryimage","url":"https:\/\/www.tesisinformatica.es\/cms\/wp-content\/uploads\/2025\/07\/logo-verifactu.png","contentUrl":"https:\/\/www.tesisinformatica.es\/cms\/wp-content\/uploads\/2025\/07\/logo-verifactu.png","width":1920,"height":570},{"@type":"BreadcrumbList","@id":"https:\/\/www.tesisinformatica.es\/cms\/#breadcrumb","itemListElement":[{"@type":"ListItem","position":1,"name":"Portada","item":"https:\/\/www.tesisinformatica.es\/cms\/"},{"@type":"ListItem","position":2,"name":"Inicio"}]},{"@type":"WebSite","@id":"https:\/\/www.tesisinformatica.es\/cms\/#website","url":"https:\/\/www.tesisinformatica.es\/cms\/","name":"Tesis Sistemas de Gesti\u00f3n, S.L. - Inform\u00e1tica Profesional","description":"Ofrecemos soluciones inform\u00e1ticas que cubren todas las necesidades de la peque\u00f1a empresa: Hardware, Software, Servicio T\u00e9cnico.","potentialAction":[{"@type":"SearchAction","target":{"@type":"EntryPoint","urlTemplate":"https:\/\/www.tesisinformatica.es\/cms\/?s={search_term_string}"},"query-input":{"@type":"PropertyValueSpecification","valueRequired":true,"valueName":"search_term_string"}}],"inLanguage":"es"}]}},"_links":{"self":[{"href":"https:\/\/www.tesisinformatica.es\/cms\/wp-json\/wp\/v2\/pages\/7","targetHints":{"allow":["GET"]}}],"collection":[{"href":"https:\/\/www.tesisinformatica.es\/cms\/wp-json\/wp\/v2\/pages"}],"about":[{"href":"https:\/\/www.tesisinformatica.es\/cms\/wp-json\/wp\/v2\/types\/page"}],"author":[{"embeddable":true,"href":"https:\/\/www.tesisinformatica.es\/cms\/wp-json\/wp\/v2\/users\/1"}],"replies":[{"embeddable":true,"href":"https:\/\/www.tesisinformatica.es\/cms\/wp-json\/wp\/v2\/comments?post=7"}],"version-history":[{"count":145,"href":"https:\/\/www.tesisinformatica.es\/cms\/wp-json\/wp\/v2\/pages\/7\/revisions"}],"predecessor-version":[{"id":11218,"href":"https:\/\/www.tesisinformatica.es\/cms\/wp-json\/wp\/v2\/pages\/7\/revisions\/11218"}],"wp:attachment":[{"href":"https:\/\/www.tesisinformatica.es\/cms\/wp-json\/wp\/v2\/media?parent=7"}],"curies":[{"name":"wp","href":"https:\/\/api.w.org\/{rel}","templated":true}]}}