{"id":4090,"date":"2021-03-05T10:16:39","date_gmt":"2021-03-05T10:16:39","guid":{"rendered":"https:\/\/www.tesisinformatica.es\/cms\/?page_id=4090"},"modified":"2025-03-17T17:54:00","modified_gmt":"2025-03-17T16:54:00","slug":"trabaja-con-nosotros","status":"publish","type":"page","link":"https:\/\/www.tesisinformatica.es\/cms\/trabaja-con-nosotros\/","title":{"rendered":"Trabaja con nosotros"},"content":{"rendered":"<p>[et_pb_section fb_built=\u00bb1&#8243; admin_label=\u00bbHeader\u00bb _builder_version=\u00bb4.16&#8243; use_background_color_gradient=\u00bbon\u00bb background_color_gradient_type=\u00bbcircular\u00bb background_color_gradient_direction_radial=\u00bbtop right\u00bb background_color_gradient_stops=\u00bb#00ffd8 0%|#0029e2 100%\u00bb background_color_gradient_start=\u00bb#00ffd8&#8243; background_color_gradient_end=\u00bb#0029e2&#8243; background_image=\u00bbhttps:\/\/www.tesisinformatica.es\/cms\/wp-content\/uploads\/2020\/06\/cyber-security-18.png\u00bb parallax=\u00bbon\u00bb min_height=\u00bb95px\u00bb custom_margin=\u00bb||0px|||\u00bb custom_padding=\u00bb0vw||0px|||\u00bb da_disable_devices=\u00bboff|off|off\u00bb locked=\u00bboff\u00bb global_colors_info=\u00bb{}\u00bb da_is_popup=\u00bboff\u00bb da_exit_intent=\u00bboff\u00bb da_has_close=\u00bbon\u00bb da_alt_close=\u00bboff\u00bb da_dark_close=\u00bboff\u00bb da_not_modal=\u00bbon\u00bb da_is_singular=\u00bboff\u00bb da_with_loader=\u00bboff\u00bb da_has_shadow=\u00bbon\u00bb][et_pb_row _builder_version=\u00bb4.16&#8243; global_colors_info=\u00bb{}\u00bb][et_pb_column type=\u00bb4_4&#8243; _builder_version=\u00bb4.16&#8243; global_colors_info=\u00bb{}\u00bb][et_pb_text _builder_version=\u00bb4.16&#8243; custom_margin=\u00bb10px||||false|false\u00bb global_colors_info=\u00bb{}\u00bb]<\/p>\n<h3 style=\"text-align: center;\"><span style=\"color: #ffffff;\">Trabaja con nosotros<\/span><\/h3>\n<p>[\/et_pb_text][\/et_pb_column][\/et_pb_row][\/et_pb_section][et_pb_section fb_built=\u00bb1&#8243; custom_padding_last_edited=\u00bbon|desktop\u00bb _builder_version=\u00bb4.16&#8243; module_alignment=\u00bbcenter\u00bb min_height=\u00bb336px\u00bb custom_margin=\u00bb||||false|false\u00bb custom_margin_last_edited=\u00bboff|tablet\u00bb custom_padding=\u00bb|3%||3%|false|true\u00bb custom_padding_tablet=\u00bb|10%||10%|false|true\u00bb custom_padding_phone=\u00bb|10%||10%|false|true\u00bb da_disable_devices=\u00bboff|off|off\u00bb global_colors_info=\u00bb{}\u00bb da_is_popup=\u00bboff\u00bb da_exit_intent=\u00bboff\u00bb da_has_close=\u00bbon\u00bb da_alt_close=\u00bboff\u00bb da_dark_close=\u00bboff\u00bb da_not_modal=\u00bbon\u00bb da_is_singular=\u00bboff\u00bb da_with_loader=\u00bboff\u00bb da_has_shadow=\u00bbon\u00bb][et_pb_row column_structure=\u00bb1_2,1_2&#8243; _builder_version=\u00bb4.16&#8243; _module_preset=\u00bbdefault\u00bb width=\u00bb100%\u00bb max_width=\u00bb1600px\u00bb custom_margin=\u00bb1%||1%||false|false\u00bb custom_padding=\u00bb2%|2%|2%|2%|false|false\u00bb global_colors_info=\u00bb{}\u00bb][et_pb_column type=\u00bb1_2&#8243; _builder_version=\u00bb4.16&#8243; _module_preset=\u00bbdefault\u00bb global_colors_info=\u00bb{}\u00bb][et_pb_text _builder_version=\u00bb4.16&#8243; _module_preset=\u00bbdefault\u00bb global_colors_info=\u00bb{}\u00bb]<\/p>\n<h3 class=\"widget-title\" style=\"text-align: center;\">\u00bfQuieres formar parte de una empresa con m\u00e1s de 25 a\u00f1os de experiencia en el sector?<\/h3>\n<p>[\/et_pb_text][et_pb_image src=\u00bbhttps:\/\/www.tesisinformatica.es\/cms\/wp-content\/uploads\/2021\/03\/write-593333_640.jpg\u00bb title_text=\u00bbwrite-593333_640&#8243; _builder_version=\u00bb4.16&#8243; _module_preset=\u00bbdefault\u00bb global_colors_info=\u00bb{}\u00bb][\/et_pb_image][et_pb_text _builder_version=\u00bb4.27.4&#8243; _module_preset=\u00bbdefault\u00bb text_orientation=\u00bbjustified\u00bb hover_enabled=\u00bb0&#8243; global_colors_info=\u00bb{}\u00bb sticky_enabled=\u00bb0&#8243;]<\/p>\n<p style=\"text-align: justify;\">Si te gusta la inform\u00e1tica y quieres trabajar con nosotros, te ofrecemos la oportunidad de formar parte de un equipo profesional, donde estar\u00e1s en contacto diario con la tecnolog\u00eda m\u00e1s avanzada, y podr\u00e1s explorar un amplio abanico de posibilidades t\u00e9cnicas dentro del mundo apasionante de la inform\u00e1tica:<\/p>\n<p>Servicio T\u00e9cnico, Mantenimiento a Empresas, Seguridad Inform\u00e1tica, Formaci\u00f3n\u2026<\/p>\n<p>Si te gusta la idea, completa este cuestionario y contaremos contigo a la hora de valorar nuevas incorporaciones a nuestro equipo de trabajo.<\/p>\n<p>[\/et_pb_text][et_pb_divider _builder_version=\u00bb4.27.3&#8243; _module_preset=\u00bbdefault\u00bb global_colors_info=\u00bb{}\u00bb][\/et_pb_divider][et_pb_text _builder_version=\u00bb4.27.3&#8243; _module_preset=\u00bbdefault\u00bb global_colors_info=\u00bb{}\u00bb]<\/p>\n<h3 style=\"text-align: center;\"><span>Informaci\u00f3n b\u00e1sica sobre el tratamiento de sus datos<\/span><\/h3>\n<p>[\/et_pb_text][et_pb_text _builder_version=\u00bb4.20.0&#8243; _module_preset=\u00bbdefault\u00bb text_font=\u00bb||||||||\u00bb header_2_font=\u00bbOverpass|900|||||||\u00bb header_2_font_size=\u00bb56px\u00bb header_2_line_height=\u00bb1.1em\u00bb text_orientation=\u00bbcenter\u00bb module_alignment=\u00bbcenter\u00bb header_2_font_size_tablet=\u00bb38px\u00bb header_2_font_size_phone=\u00bb26px\u00bb header_2_font_size_last_edited=\u00bbon|desktop\u00bb global_colors_info=\u00bb{}\u00bb]<\/p>\n<table width=\"565\" style=\"margin-left: auto; margin-right: auto; height: 264px;\">\n<tbody>\n<tr style=\"height: 24px;\">\n<td style=\"width: 144.25px; height: 24px;\"><span style=\"color: #333333;\"><strong>Responsable<\/strong><\/span><\/td>\n<td style=\"width: 404.75px; height: 24px;\"><span style=\"color: #333333;\">TESIS SISTEMAS DE GESTI\u00d3N, S.L. <a href=\"aviso-legal-y-privacidad\/#Responsabilidad\" style=\"color: #0ee6f2;\">+ info<\/a><\/span><\/td>\n<\/tr>\n<tr style=\"height: 48px;\">\n<td style=\"width: 144.25px; height: 48px;\"><span style=\"color: #333333;\"><strong>Finalidad<\/strong><\/span><\/td>\n<td style=\"width: 404.75px; height: 48px;\"><span style=\"color: #333333;\">Gestionar el env\u00edo de informaci\u00f3n y prospecci\u00f3n comercial. <a href=\"aviso-legal-y-privacidad\/#Finalidad\" style=\"color: #0ee6f2;\">+ info<\/a><\/span><\/td>\n<\/tr>\n<tr style=\"height: 48px;\">\n<td style=\"width: 144.25px; height: 48px;\"><span style=\"color: #333333;\"><strong>Legitimaci\u00f3n<\/strong><\/span><\/td>\n<td style=\"width: 404.75px; height: 48px;\"><span style=\"color: #333333;\">Usted deber\u00e1 darnos consentimiento para el tratamiento de sus datos <a href=\"aviso-legal-y-privacidad\/#Legitimacion_del_tratamiento\" style=\"color: #0ee6f2;\">+ info<\/a><\/span><\/td>\n<\/tr>\n<tr style=\"height: 48px;\">\n<td style=\"width: 144.25px; height: 48px;\"><span style=\"color: #333333;\"><strong>Destinatarios <\/strong><\/span><\/td>\n<td style=\"width: 404.75px; height: 48px;\"><span style=\"color: #333333;\">Sus datos no ser\u00e1n cedidos ni comunicados a terceros, salvo en los casos legalmente establecidos <a href=\"aviso-legal-y-privacidad\/#Comunicacion_de_datos\" style=\"color: #0ee6f2;\">+ info<\/a><\/span><\/td>\n<\/tr>\n<tr style=\"height: 48px;\">\n<td style=\"width: 144.25px; height: 48px;\"><span style=\"color: #333333;\"><strong>Sus Derechos <\/strong><\/span><\/td>\n<td style=\"width: 404.75px; height: 48px;\"><span style=\"color: #333333;\">Tiene derecho de acceso, rectificaci\u00f3n, supresi\u00f3n, oposici\u00f3n, limitaci\u00f3n\u2026 <a href=\"aviso-legal-y-privacidad\/#Derechos_del_titular\" style=\"color: #0ee6f2;\">+ info<\/a><\/span><\/td>\n<\/tr>\n<tr style=\"height: 48px;\">\n<td style=\"width: 144.25px; height: 48px;\"><span style=\"color: #333333;\"><strong>Menores de edad <\/strong><\/span><\/td>\n<td style=\"width: 404.75px; height: 48px;\"><span style=\"color: #333333;\">Si eres menor de 14 a\u00f1os deber\u00e1s solicitar el permiso de tus padres o tutores <a href=\"aviso-legal-y-privacidad\/#Menores_de_edad\" style=\"color: #0ee6f2;\">+ info<\/a><\/span><\/td>\n<\/tr>\n<\/tbody>\n<\/table>\n<p>[\/et_pb_text][\/et_pb_column][et_pb_column type=\u00bb1_2&#8243; _builder_version=\u00bb4.16&#8243; _module_preset=\u00bbdefault\u00bb global_colors_info=\u00bb{}\u00bb][et_pb_text _builder_version=\u00bb4.16&#8243; _module_preset=\u00bbdefault\u00bb custom_margin=\u00bb||3px|||\u00bb global_colors_info=\u00bb{}\u00bb]<\/p>\n<h3 style=\"text-align: center;\">Completa el cuestionario<\/h3>\n<p>[\/et_pb_text][et_pb_text _builder_version=\u00bb4.16&#8243; _module_preset=\u00bbdefault\u00bb custom_margin=\u00bb14%||||false|false\u00bb custom_margin_tablet=\u00bb0%||||false|false\u00bb custom_margin_phone=\u00bb\u00bb custom_margin_last_edited=\u00bbon|phone\u00bb global_colors_info=\u00bb{}\u00bb]\n<div class=\"wpcf7 no-js\" id=\"wpcf7-f4093-o1\" lang=\"es-ES\" dir=\"ltr\" data-wpcf7-id=\"4093\">\n<div class=\"screen-reader-response\"><p role=\"status\" aria-live=\"polite\" aria-atomic=\"true\"><\/p> <ul><\/ul><\/div>\n<form action=\"\/cms\/wp-json\/wp\/v2\/pages\/4090#wpcf7-f4093-o1\" method=\"post\" class=\"wpcf7-form init\" aria-label=\"Formulario de contacto\" enctype=\"multipart\/form-data\" novalidate=\"novalidate\" data-status=\"init\">\n<fieldset class=\"hidden-fields-container\"><input type=\"hidden\" name=\"_wpcf7\" value=\"4093\" \/><input type=\"hidden\" name=\"_wpcf7_version\" value=\"6.1.5\" \/><input type=\"hidden\" name=\"_wpcf7_locale\" value=\"es_ES\" \/><input type=\"hidden\" name=\"_wpcf7_unit_tag\" value=\"wpcf7-f4093-o1\" \/><input type=\"hidden\" name=\"_wpcf7_container_post\" value=\"0\" \/><input type=\"hidden\" name=\"_wpcf7_posted_data_hash\" value=\"\" \/><input type=\"hidden\" name=\"_wpcf7cf_hidden_group_fields\" value=\"[]\" \/><input type=\"hidden\" name=\"_wpcf7cf_hidden_groups\" value=\"[]\" \/><input type=\"hidden\" name=\"_wpcf7cf_visible_groups\" value=\"[]\" \/><input type=\"hidden\" name=\"_wpcf7cf_repeaters\" value=\"[]\" \/><input type=\"hidden\" name=\"_wpcf7cf_steps\" value=\"{}\" \/><input type=\"hidden\" name=\"_wpcf7cf_options\" value=\"{&quot;form_id&quot;:4093,&quot;conditions&quot;:[],&quot;settings&quot;:{&quot;animation&quot;:&quot;yes&quot;,&quot;animation_intime&quot;:200,&quot;animation_outtime&quot;:200,&quot;conditions_ui&quot;:&quot;normal&quot;,&quot;notice_dismissed&quot;:false,&quot;repeater_remove_button&quot;:&quot;bottom&quot;}}\" \/>\n<\/fieldset>\n<p>Nombre completo*\n<\/p>\n<p><span class=\"wpcf7-form-control-wrap\" data-name=\"nombre\"><input size=\"40\" maxlength=\"400\" class=\"wpcf7-form-control wpcf7-text wpcf7-validates-as-required\" aria-required=\"true\" aria-invalid=\"false\" value=\"\" type=\"text\" name=\"nombre\" \/><\/span>\n<\/p>\n<p>Fecha de nacimiento*\n<\/p>\n<p><span class=\"wpcf7-form-control-wrap\" data-name=\"f-nacimiento\"><input size=\"40\" maxlength=\"400\" class=\"wpcf7-form-control wpcf7-text wpcf7-validates-as-required\" aria-required=\"true\" aria-invalid=\"false\" value=\"\" type=\"text\" name=\"f-nacimiento\" \/><\/span>\n<\/p>\n<p>Email*\n<\/p>\n<p><span class=\"wpcf7-form-control-wrap\" data-name=\"email\"><input size=\"40\" maxlength=\"400\" class=\"wpcf7-form-control wpcf7-email wpcf7-validates-as-required wpcf7-text wpcf7-validates-as-email\" aria-required=\"true\" aria-invalid=\"false\" value=\"\" type=\"email\" name=\"email\" \/><\/span>\n<\/p>\n<p>Tel\u00e9fono*\n<\/p>\n<p><span class=\"wpcf7-form-control-wrap\" data-name=\"telefono\"><input size=\"40\" maxlength=\"400\" class=\"wpcf7-form-control wpcf7-tel wpcf7-text wpcf7-validates-as-tel\" aria-invalid=\"false\" value=\"\" type=\"tel\" name=\"telefono\" \/><\/span>\n<\/p>\n<p>Poblaci\u00f3n*\n<\/p>\n<p><span class=\"wpcf7-form-control-wrap\" data-name=\"poblacion\"><input size=\"40\" maxlength=\"400\" class=\"wpcf7-form-control wpcf7-text wpcf7-validates-as-required\" aria-required=\"true\" aria-invalid=\"false\" value=\"\" type=\"text\" name=\"poblacion\" \/><\/span>\n<\/p>\n<p>Observaciones y cualidades que quieras mencionar\n<\/p>\n<p><span id=\"textarea-886\"> <span class=\"wpcf7-form-control-wrap\" data-name=\"textarea-886\"><textarea cols=\"40\" rows=\"10\" maxlength=\"2000\" class=\"wpcf7-form-control wpcf7-textarea\" aria-invalid=\"false\" name=\"textarea-886\"><\/textarea><\/span> <\/span>\n<\/p>\n<p>Disponibilidad horaria\n<\/p>\n<p><span class=\"wpcf7-form-control-wrap\" data-name=\"disponibilidad\"><input size=\"40\" maxlength=\"400\" class=\"wpcf7-form-control wpcf7-text\" aria-invalid=\"false\" value=\"\" type=\"text\" name=\"disponibilidad\" \/><\/span>\n<\/p>\n<p>Carnet de conducir\n<\/p>\n<p><span class=\"wpcf7-form-control-wrap\" data-name=\"carnet\"><span class=\"wpcf7-form-control wpcf7-radio\"><span class=\"wpcf7-list-item first\"><input type=\"radio\" name=\"carnet\" value=\"Si\" \/><span class=\"wpcf7-list-item-label\">Si<\/span><\/span><span class=\"wpcf7-list-item last\"><input type=\"radio\" name=\"carnet\" value=\"No\" \/><span class=\"wpcf7-list-item-label\">No<\/span><\/span><\/span><\/span>\n<\/p>\n<p>Veh\u00edculo propio\n<\/p>\n<p><span class=\"wpcf7-form-control-wrap\" data-name=\"vehiculo\"><span class=\"wpcf7-form-control wpcf7-radio\"><span class=\"wpcf7-list-item first\"><input type=\"radio\" name=\"vehiculo\" value=\"Si\" \/><span class=\"wpcf7-list-item-label\">Si<\/span><\/span><span class=\"wpcf7-list-item last\"><input type=\"radio\" name=\"vehiculo\" value=\"No\" \/><span class=\"wpcf7-list-item-label\">No<\/span><\/span><\/span><\/span>\n<\/p>\n<p>Curr\u00edculum (Adjuntar en formato PDF):\n<\/p>\n<p><span class=\"wpcf7-form-control-wrap\" data-name=\"curriculum\"><input size=\"40\" class=\"wpcf7-form-control wpcf7-file wpcf7-validates-as-required\" accept=\".pdf\" aria-required=\"true\" aria-invalid=\"false\" type=\"file\" name=\"curriculum\" \/><\/span>\n<\/p>\n<p><span class=\"wpcf7-form-control-wrap\" data-name=\"checkbox-958\"><span class=\"wpcf7-form-control wpcf7-checkbox wpcf7-validates-as-required\"><span class=\"wpcf7-list-item first last\"><input type=\"checkbox\" name=\"checkbox-958[]\" value=\"* He le\u00eddo y acepto\" \/><span class=\"wpcf7-list-item-label\">* He le\u00eddo y acepto<\/span><\/span><\/span><\/span><a href=\"aviso-legal\" target=\"_blank\"><b> las condiciones legales y de privacidad<\/b><\/a><br \/>\n<span class=\"wpcf7-form-control-wrap\" data-name=\"checkbox-637\"><span class=\"wpcf7-form-control wpcf7-checkbox\"><span class=\"wpcf7-list-item first last\"><input type=\"checkbox\" name=\"checkbox-637[]\" value=\"Acepto recibir informaci\u00f3n comercial.\" \/><span class=\"wpcf7-list-item-label\">Acepto recibir informaci\u00f3n comercial.<\/span><\/span><\/span><\/span><br \/>\n<span id=\"wpcf7-69fb6404bd044-wrapper\" class=\"wpcf7-form-control-wrap honeypot-176-wrap\" style=\"display:none !important; visibility:hidden !important;\"><input type=\"hidden\" name=\"honeypot-176-time-start\" value=\"1778082820\"><input type=\"hidden\" name=\"honeypot-176-time-check\" value=\"4\"><label for=\"wpcf7-69fb6404bd044-field\" class=\"hp-message\">Por favor, deja este campo vac\u00edo.<\/label><input id=\"wpcf7-69fb6404bd044-field\"  class=\"wpcf7-form-control wpcf7-text\" type=\"text\" name=\"honeypot-176\" value=\"\" size=\"40\" tabindex=\"-1\" autocomplete=\"new-password\" \/><\/span>\n<\/p>\n<p>\n\t<center><input class=\"wpcf7-form-control wpcf7-submit has-spinner\" type=\"submit\" value=\"Enviar\" \/>\n\t<\/center>\n<\/p><div class=\"wpcf7-response-output\" aria-hidden=\"true\"><\/div>\n<\/form>\n<\/div>\n[\/et_pb_text][\/et_pb_column][\/et_pb_row][\/et_pb_section]<\/p>\n","protected":false},"excerpt":{"rendered":"<p>Trabaja con nosotros\u00bfQuieres formar parte de una empresa con m\u00e1s de 25 a\u00f1os de experiencia en el sector?Si te gusta la inform\u00e1tica y quieres trabajar con nosotros, te ofrecemos la oportunidad de formar parte de un equipo profesional, donde estar\u00e1s en contacto diario con la tecnolog\u00eda m\u00e1s avanzada, y podr\u00e1s explorar un amplio abanico de [&hellip;]<\/p>\n","protected":false},"author":2,"featured_media":0,"parent":0,"menu_order":0,"comment_status":"closed","ping_status":"closed","template":"","meta":{"_et_pb_use_builder":"on","_et_pb_old_content":"","_et_gb_content_width":"","footnotes":""},"class_list":["post-4090","page","type-page","status-publish","hentry"],"yoast_head":"<!-- This site is optimized with the Yoast SEO plugin v27.5 - https:\/\/yoast.com\/product\/yoast-seo-wordpress\/ -->\n<title>Trabaja con nosotros - Tesis Sistemas de Gesti\u00f3n, S.L. - Inform\u00e1tica Profesional<\/title>\n<meta name=\"robots\" content=\"index, follow, max-snippet:-1, max-image-preview:large, max-video-preview:-1\" \/>\n<link rel=\"canonical\" href=\"https:\/\/www.tesisinformatica.es\/cms\/trabaja-con-nosotros\/\" \/>\n<meta property=\"og:locale\" content=\"es_ES\" \/>\n<meta property=\"og:type\" content=\"article\" \/>\n<meta property=\"og:title\" content=\"Trabaja con nosotros - Tesis Sistemas de Gesti\u00f3n, S.L. - Inform\u00e1tica Profesional\" \/>\n<meta property=\"og:description\" content=\"Trabaja con nosotros\u00bfQuieres formar parte de una empresa con m\u00e1s de 25 a\u00f1os de experiencia en el sector?Si te gusta la inform\u00e1tica y quieres trabajar con nosotros, te ofrecemos la oportunidad de formar parte de un equipo profesional, donde estar\u00e1s en contacto diario con la tecnolog\u00eda m\u00e1s avanzada, y podr\u00e1s explorar un amplio abanico de [&hellip;]\" \/>\n<meta property=\"og:url\" content=\"https:\/\/www.tesisinformatica.es\/cms\/trabaja-con-nosotros\/\" \/>\n<meta property=\"og:site_name\" content=\"Tesis Sistemas de Gesti\u00f3n, S.L. - Inform\u00e1tica Profesional\" \/>\n<meta property=\"article:modified_time\" content=\"2025-03-17T16:54:00+00:00\" \/>\n<meta name=\"twitter:card\" content=\"summary_large_image\" \/>\n<meta name=\"twitter:label1\" content=\"Tiempo de lectura\" \/>\n\t<meta name=\"twitter:data1\" content=\"4 minutos\" \/>\n<script type=\"application\/ld+json\" class=\"yoast-schema-graph\">{\"@context\":\"https:\\\/\\\/schema.org\",\"@graph\":[{\"@type\":\"WebPage\",\"@id\":\"https:\\\/\\\/www.tesisinformatica.es\\\/cms\\\/trabaja-con-nosotros\\\/\",\"url\":\"https:\\\/\\\/www.tesisinformatica.es\\\/cms\\\/trabaja-con-nosotros\\\/\",\"name\":\"Trabaja con nosotros - Tesis Sistemas de Gesti\u00f3n, S.L. - Inform\u00e1tica Profesional\",\"isPartOf\":{\"@id\":\"https:\\\/\\\/www.tesisinformatica.es\\\/cms\\\/#website\"},\"datePublished\":\"2021-03-05T10:16:39+00:00\",\"dateModified\":\"2025-03-17T16:54:00+00:00\",\"breadcrumb\":{\"@id\":\"https:\\\/\\\/www.tesisinformatica.es\\\/cms\\\/trabaja-con-nosotros\\\/#breadcrumb\"},\"inLanguage\":\"es\",\"potentialAction\":[{\"@type\":\"ReadAction\",\"target\":[\"https:\\\/\\\/www.tesisinformatica.es\\\/cms\\\/trabaja-con-nosotros\\\/\"]}]},{\"@type\":\"BreadcrumbList\",\"@id\":\"https:\\\/\\\/www.tesisinformatica.es\\\/cms\\\/trabaja-con-nosotros\\\/#breadcrumb\",\"itemListElement\":[{\"@type\":\"ListItem\",\"position\":1,\"name\":\"Portada\",\"item\":\"https:\\\/\\\/www.tesisinformatica.es\\\/cms\\\/\"},{\"@type\":\"ListItem\",\"position\":2,\"name\":\"Trabaja con nosotros\"}]},{\"@type\":\"WebSite\",\"@id\":\"https:\\\/\\\/www.tesisinformatica.es\\\/cms\\\/#website\",\"url\":\"https:\\\/\\\/www.tesisinformatica.es\\\/cms\\\/\",\"name\":\"Tesis Sistemas de Gesti\u00f3n, S.L. - Inform\u00e1tica Profesional\",\"description\":\"Ofrecemos soluciones inform\u00e1ticas que cubren todas las necesidades de la peque\u00f1a empresa: Hardware, Software, Servicio T\u00e9cnico.\",\"potentialAction\":[{\"@type\":\"SearchAction\",\"target\":{\"@type\":\"EntryPoint\",\"urlTemplate\":\"https:\\\/\\\/www.tesisinformatica.es\\\/cms\\\/?s={search_term_string}\"},\"query-input\":{\"@type\":\"PropertyValueSpecification\",\"valueRequired\":true,\"valueName\":\"search_term_string\"}}],\"inLanguage\":\"es\"}]}<\/script>\n<!-- \/ Yoast SEO plugin. -->","yoast_head_json":{"title":"Trabaja con nosotros - Tesis Sistemas de Gesti\u00f3n, S.L. - Inform\u00e1tica Profesional","robots":{"index":"index","follow":"follow","max-snippet":"max-snippet:-1","max-image-preview":"max-image-preview:large","max-video-preview":"max-video-preview:-1"},"canonical":"https:\/\/www.tesisinformatica.es\/cms\/trabaja-con-nosotros\/","og_locale":"es_ES","og_type":"article","og_title":"Trabaja con nosotros - Tesis Sistemas de Gesti\u00f3n, S.L. - Inform\u00e1tica Profesional","og_description":"Trabaja con nosotros\u00bfQuieres formar parte de una empresa con m\u00e1s de 25 a\u00f1os de experiencia en el sector?Si te gusta la inform\u00e1tica y quieres trabajar con nosotros, te ofrecemos la oportunidad de formar parte de un equipo profesional, donde estar\u00e1s en contacto diario con la tecnolog\u00eda m\u00e1s avanzada, y podr\u00e1s explorar un amplio abanico de [&hellip;]","og_url":"https:\/\/www.tesisinformatica.es\/cms\/trabaja-con-nosotros\/","og_site_name":"Tesis Sistemas de Gesti\u00f3n, S.L. - Inform\u00e1tica Profesional","article_modified_time":"2025-03-17T16:54:00+00:00","twitter_card":"summary_large_image","twitter_misc":{"Tiempo de lectura":"4 minutos"},"schema":{"@context":"https:\/\/schema.org","@graph":[{"@type":"WebPage","@id":"https:\/\/www.tesisinformatica.es\/cms\/trabaja-con-nosotros\/","url":"https:\/\/www.tesisinformatica.es\/cms\/trabaja-con-nosotros\/","name":"Trabaja con nosotros - Tesis Sistemas de Gesti\u00f3n, S.L. - Inform\u00e1tica Profesional","isPartOf":{"@id":"https:\/\/www.tesisinformatica.es\/cms\/#website"},"datePublished":"2021-03-05T10:16:39+00:00","dateModified":"2025-03-17T16:54:00+00:00","breadcrumb":{"@id":"https:\/\/www.tesisinformatica.es\/cms\/trabaja-con-nosotros\/#breadcrumb"},"inLanguage":"es","potentialAction":[{"@type":"ReadAction","target":["https:\/\/www.tesisinformatica.es\/cms\/trabaja-con-nosotros\/"]}]},{"@type":"BreadcrumbList","@id":"https:\/\/www.tesisinformatica.es\/cms\/trabaja-con-nosotros\/#breadcrumb","itemListElement":[{"@type":"ListItem","position":1,"name":"Portada","item":"https:\/\/www.tesisinformatica.es\/cms\/"},{"@type":"ListItem","position":2,"name":"Trabaja con nosotros"}]},{"@type":"WebSite","@id":"https:\/\/www.tesisinformatica.es\/cms\/#website","url":"https:\/\/www.tesisinformatica.es\/cms\/","name":"Tesis Sistemas de Gesti\u00f3n, S.L. - Inform\u00e1tica Profesional","description":"Ofrecemos soluciones inform\u00e1ticas que cubren todas las necesidades de la peque\u00f1a empresa: Hardware, Software, Servicio T\u00e9cnico.","potentialAction":[{"@type":"SearchAction","target":{"@type":"EntryPoint","urlTemplate":"https:\/\/www.tesisinformatica.es\/cms\/?s={search_term_string}"},"query-input":{"@type":"PropertyValueSpecification","valueRequired":true,"valueName":"search_term_string"}}],"inLanguage":"es"}]}},"_links":{"self":[{"href":"https:\/\/www.tesisinformatica.es\/cms\/wp-json\/wp\/v2\/pages\/4090","targetHints":{"allow":["GET"]}}],"collection":[{"href":"https:\/\/www.tesisinformatica.es\/cms\/wp-json\/wp\/v2\/pages"}],"about":[{"href":"https:\/\/www.tesisinformatica.es\/cms\/wp-json\/wp\/v2\/types\/page"}],"author":[{"embeddable":true,"href":"https:\/\/www.tesisinformatica.es\/cms\/wp-json\/wp\/v2\/users\/2"}],"replies":[{"embeddable":true,"href":"https:\/\/www.tesisinformatica.es\/cms\/wp-json\/wp\/v2\/comments?post=4090"}],"version-history":[{"count":28,"href":"https:\/\/www.tesisinformatica.es\/cms\/wp-json\/wp\/v2\/pages\/4090\/revisions"}],"predecessor-version":[{"id":8857,"href":"https:\/\/www.tesisinformatica.es\/cms\/wp-json\/wp\/v2\/pages\/4090\/revisions\/8857"}],"wp:attachment":[{"href":"https:\/\/www.tesisinformatica.es\/cms\/wp-json\/wp\/v2\/media?parent=4090"}],"curies":[{"name":"wp","href":"https:\/\/api.w.org\/{rel}","templated":true}]}}