{"id":4007,"date":"2021-03-04T10:56:23","date_gmt":"2021-03-04T10:56:23","guid":{"rendered":"https:\/\/www.tesisinformatica.es\/cms\/?page_id=4007"},"modified":"2025-09-22T15:54:21","modified_gmt":"2025-09-22T13:54:21","slug":"software-pyme","status":"publish","type":"page","link":"https:\/\/www.tesisinformatica.es\/cms\/software-pyme\/","title":{"rendered":"Software PYME"},"content":{"rendered":"<p>[et_pb_section fb_built=\u00bb1&#8243; admin_label=\u00bbHeader\u00bb _builder_version=\u00bb4.16&#8243; use_background_color_gradient=\u00bbon\u00bb background_color_gradient_type=\u00bbcircular\u00bb background_color_gradient_direction_radial=\u00bbtop right\u00bb background_color_gradient_stops=\u00bb#00ffd8 0%|#0029e2 100%\u00bb background_color_gradient_start=\u00bb#00ffd8&#8243; background_color_gradient_end=\u00bb#0029e2&#8243; background_image=\u00bbhttps:\/\/www.tesisinformatica.es\/cms\/wp-content\/uploads\/2020\/06\/cyber-security-18.png\u00bb parallax=\u00bbon\u00bb min_height=\u00bb95px\u00bb custom_margin=\u00bb0px|0px|0px|0px|false|false\u00bb custom_padding=\u00bb0px|0px|0px|0px|false|false\u00bb da_disable_devices=\u00bboff|off|off\u00bb locked=\u00bboff\u00bb global_colors_info=\u00bb{}\u00bb da_is_popup=\u00bboff\u00bb da_exit_intent=\u00bboff\u00bb da_has_close=\u00bbon\u00bb da_alt_close=\u00bboff\u00bb da_dark_close=\u00bboff\u00bb da_not_modal=\u00bbon\u00bb da_is_singular=\u00bboff\u00bb da_with_loader=\u00bboff\u00bb da_has_shadow=\u00bbon\u00bb][et_pb_row _builder_version=\u00bb4.16&#8243; global_colors_info=\u00bb{}\u00bb][et_pb_column type=\u00bb4_4&#8243; _builder_version=\u00bb4.16&#8243; global_colors_info=\u00bb{}\u00bb][et_pb_text _builder_version=\u00bb4.16&#8243; custom_margin=\u00bb10px||||false|false\u00bb global_colors_info=\u00bb{}\u00bb]<\/p>\n<h3 style=\"text-align: center;\"><span style=\"color: #ffffff;\">Software PYME<\/span><\/h3>\n<p>[\/et_pb_text][\/et_pb_column][\/et_pb_row][\/et_pb_section][et_pb_section fb_built=\u00bb1&#8243; _builder_version=\u00bb4.16&#8243; module_alignment=\u00bbcenter\u00bb custom_margin=\u00bb||-65px|||\u00bb da_disable_devices=\u00bboff|off|off\u00bb global_colors_info=\u00bb{}\u00bb da_is_popup=\u00bboff\u00bb da_exit_intent=\u00bboff\u00bb da_has_close=\u00bbon\u00bb da_alt_close=\u00bboff\u00bb da_dark_close=\u00bboff\u00bb da_not_modal=\u00bbon\u00bb da_is_singular=\u00bboff\u00bb da_with_loader=\u00bboff\u00bb da_has_shadow=\u00bbon\u00bb][et_pb_row column_structure=\u00bb3_5,2_5&#8243; _builder_version=\u00bb4.16&#8243; module_alignment=\u00bbcenter\u00bb custom_margin=\u00bb|0px||0px|true|true\u00bb custom_padding=\u00bb2%|2%|2%|2%|true|true\u00bb global_colors_info=\u00bb{}\u00bb][et_pb_column type=\u00bb3_5&#8243; _builder_version=\u00bb4.16&#8243; global_colors_info=\u00bb{}\u00bb][et_pb_text _builder_version=\u00bb4.16&#8243; global_colors_info=\u00bb{}\u00bb]<\/p>\n<div class=\"cma-wysiwyg-editor\">\n<p align=\"justify\">Somos distribuidores oficiales de las aplicaciones para la peque\u00f1a empresa <strong><span style=\"color: #0c71c3;\">DivaCon<\/span>, <span style=\"color: #0c71c3;\">DivaGes<\/span> y <span style=\"color: #0c71c3;\">DivaPlus<\/span><\/strong>, del fabricante <span style=\"color: #0c71c3;\"><strong>Revolution Software<\/strong><\/span>.<\/p>\n<p align=\"justify\">En Tesis nos encargamos de todo el proceso; desde la venta, instalaci\u00f3n y formaci\u00f3n, hasta la puesta en marcha definitiva de los programas. Con esto le garantizamos una soluci\u00f3n integral y un compromiso expreso de funcionamiento optimo. Podr\u00e1 empezar a trabajar con nuestras aplicaciones desde el primer d\u00eda.<\/p>\n<p align=\"justify\">Si desea recibir m\u00e1s informaci\u00f3n, o solicitar una demostraci\u00f3n personalizada para poder comprobar la sencillez y efectividad de este<span style=\"color: #0c71c3;\"><strong> software<\/strong><\/span> expresamente dise\u00f1ado para <span style=\"color: #0c71c3;\"><strong>PYME<\/strong><\/span>, solo tiene que rellenar el siguiente formulario y pinchar en el bot\u00f3n enviar situado en la parte inferior del mismo.<\/p>\n<\/div>\n<p>[\/et_pb_text][\/et_pb_column][et_pb_column type=\u00bb2_5&#8243; _builder_version=\u00bb4.16&#8243; global_colors_info=\u00bb{}\u00bb][et_pb_video src=\u00bbhttps:\/\/www.youtube.com\/watch?v=X7O2ESdnO58&#8243; _builder_version=\u00bb4.27.4&#8243; _module_preset=\u00bbdefault\u00bb custom_margin=\u00bb5%||||false|false\u00bb custom_margin_tablet=\u00bb\u00bb custom_margin_phone=\u00bb\u00bb custom_margin_last_edited=\u00bbon|desktop\u00bb global_colors_info=\u00bb{}\u00bb][\/et_pb_video][\/et_pb_column][\/et_pb_row][\/et_pb_section][et_pb_section fb_built=\u00bb1&#8243; disabled_on=\u00bboff|off|off\u00bb admin_label=\u00bbFooter\u00bb _builder_version=\u00bb4.16&#8243; background_enable_image=\u00bboff\u00bb z_index=\u00bb10&#8243; overflow-x=\u00bbvisible\u00bb overflow-y=\u00bbvisible\u00bb custom_padding=\u00bb0px||2vw|||\u00bb da_disable_devices=\u00bboff|off|off\u00bb locked=\u00bboff\u00bb global_colors_info=\u00bb{}\u00bb da_is_popup=\u00bboff\u00bb da_exit_intent=\u00bboff\u00bb da_has_close=\u00bbon\u00bb da_alt_close=\u00bboff\u00bb da_dark_close=\u00bboff\u00bb da_not_modal=\u00bbon\u00bb da_is_singular=\u00bboff\u00bb da_with_loader=\u00bboff\u00bb da_has_shadow=\u00bbon\u00bb][et_pb_row column_structure=\u00bb1_3,1_3,1_3&#8243; _builder_version=\u00bb4.27.4&#8243; _module_preset=\u00bbdefault\u00bb global_colors_info=\u00bb{}\u00bb][et_pb_column type=\u00bb1_3&#8243; _builder_version=\u00bb4.27.4&#8243; _module_preset=\u00bbdefault\u00bb global_colors_info=\u00bb{}\u00bb][et_pb_text _builder_version=\u00bb4.27.4&#8243; _module_preset=\u00bbdefault\u00bb global_colors_info=\u00bb{}\u00bb]<\/p>\n<p style=\"text-align: center;\">Divacon (Contabilidad)<\/p>\n<p>[\/et_pb_text][et_pb_image src=\u00bbhttps:\/\/www.tesisinformatica.es\/cms\/wp-content\/uploads\/2025\/04\/divacon-cloud.png\u00bb title_text=\u00bbdivacon-cloud\u00bb align=\u00bbcenter\u00bb _builder_version=\u00bb4.27.4&#8243; _module_preset=\u00bbdefault\u00bb global_colors_info=\u00bb{}\u00bb][\/et_pb_image][et_pb_button button_url=\u00bb@ET-DC@eyJkeW5hbWljIjp0cnVlLCJjb250ZW50IjoicG9zdF9saW5rX3VybF9wYWdlIiwic2V0dGluZ3MiOnsicG9zdF9pZCI6IjkwNzQifX0=@\u00bb url_new_window=\u00bbon\u00bb button_text=\u00bbDesde 25\u20ac\/mes (Iva no incl.)\u00bb _builder_version=\u00bb4.27.4&#8243; _dynamic_attributes=\u00bbbutton_url\u00bb _module_preset=\u00bbdefault\u00bb button_icon=\u00bb&#x5a;||divi||400&#8243; custom_padding=\u00bb5px|78px|5px|78px|true|true\u00bb global_colors_info=\u00bb{}\u00bb][\/et_pb_button][\/et_pb_column][et_pb_column type=\u00bb1_3&#8243; _builder_version=\u00bb4.27.4&#8243; _module_preset=\u00bbdefault\u00bb global_colors_info=\u00bb{}\u00bb][et_pb_text _builder_version=\u00bb4.27.4&#8243; _module_preset=\u00bbdefault\u00bb global_colors_info=\u00bb{}\u00bb]<\/p>\n<p style=\"text-align: center;\">DivaGes (Facturaci\u00f3n)<\/p>\n<p>[\/et_pb_text][et_pb_image src=\u00bbhttps:\/\/www.tesisinformatica.es\/cms\/wp-content\/uploads\/2025\/04\/divages-cloud.png\u00bb title_text=\u00bbdivages-cloud\u00bb align=\u00bbcenter\u00bb _builder_version=\u00bb4.27.4&#8243; _module_preset=\u00bbdefault\u00bb global_colors_info=\u00bb{}\u00bb][\/et_pb_image][et_pb_button button_url=\u00bb@ET-DC@eyJkeW5hbWljIjp0cnVlLCJjb250ZW50IjoicG9zdF9saW5rX3VybF9wYWdlIiwic2V0dGluZ3MiOnsicG9zdF9pZCI6IjkyNDEifX0=@\u00bb url_new_window=\u00bbon\u00bb button_text=\u00bbDesde 25\u20ac\/mes (Iva no incl.)\u00bb _builder_version=\u00bb4.27.4&#8243; _dynamic_attributes=\u00bbbutton_url\u00bb _module_preset=\u00bbdefault\u00bb button_icon=\u00bb&#x5a;||divi||400&#8243; custom_padding=\u00bb5px|87px|5px|87px|true|true\u00bb global_colors_info=\u00bb{}\u00bb][\/et_pb_button][\/et_pb_column][et_pb_column type=\u00bb1_3&#8243; _builder_version=\u00bb4.27.4&#8243; _module_preset=\u00bbdefault\u00bb global_colors_info=\u00bb{}\u00bb][et_pb_text _builder_version=\u00bb4.27.4&#8243; _module_preset=\u00bbdefault\u00bb global_colors_info=\u00bb{}\u00bb]<\/p>\n<p style=\"text-align: center;\">DivaPlus (Contabilidad + Facturaci\u00f3n)<\/p>\n<p>[\/et_pb_text][et_pb_image src=\u00bbhttps:\/\/www.tesisinformatica.es\/cms\/wp-content\/uploads\/2025\/04\/divaplus-cloud.png\u00bb title_text=\u00bbdivaplus-cloud\u00bb align=\u00bbcenter\u00bb _builder_version=\u00bb4.27.4&#8243; _module_preset=\u00bbdefault\u00bb global_colors_info=\u00bb{}\u00bb][\/et_pb_image][et_pb_button button_url=\u00bb@ET-DC@eyJkeW5hbWljIjp0cnVlLCJjb250ZW50IjoicG9zdF9saW5rX3VybF9wYWdlIiwic2V0dGluZ3MiOnsicG9zdF9pZCI6IjkyNjMifX0=@\u00bb url_new_window=\u00bbon\u00bb button_text=\u00bbDesde 40\u20ac\/mes (Iva no incl.)\u00bb _builder_version=\u00bb4.27.4&#8243; _dynamic_attributes=\u00bbbutton_url\u00bb _module_preset=\u00bbdefault\u00bb button_icon=\u00bb&#x5a;||divi||400&#8243; custom_padding=\u00bb5px|84px|5px|84px|true|true\u00bb global_colors_info=\u00bb{}\u00bb][\/et_pb_button][\/et_pb_column][\/et_pb_row][et_pb_row _builder_version=\u00bb4.27.4&#8243; _module_preset=\u00bbdefault\u00bb custom_padding=\u00bb||0px|||\u00bb global_colors_info=\u00bb{}\u00bb][et_pb_column type=\u00bb4_4&#8243; _builder_version=\u00bb4.27.4&#8243; _module_preset=\u00bbdefault\u00bb global_colors_info=\u00bb{}\u00bb][et_pb_text _builder_version=\u00bb4.27.4&#8243; _module_preset=\u00bbdefault\u00bb custom_margin=\u00bb||-18px|||\u00bb global_colors_info=\u00bb{}\u00bb]<\/p>\n<p style=\"text-align: center;\">Adaptado a la normativa<\/p>\n<p>[\/et_pb_text][et_pb_image src=\u00bbhttps:\/\/www.tesisinformatica.es\/cms\/wp-content\/uploads\/2025\/07\/logo-verifactu.png\u00bb title_text=\u00bblogo-verifactu\u00bb _builder_version=\u00bb4.27.4&#8243; _module_preset=\u00bbdefault\u00bb width=\u00bb51%\u00bb module_alignment=\u00bbcenter\u00bb hover_enabled=\u00bb0&#8243; global_colors_info=\u00bb{}\u00bb url=\u00bbhttps:\/\/www.tesisinformatica.es\/cms\/verifactu\/\u00bb url_new_window=\u00bbon\u00bb sticky_enabled=\u00bb0&#8243;][\/et_pb_image][\/et_pb_column][\/et_pb_row][\/et_pb_section]<\/p>\n","protected":false},"excerpt":{"rendered":"<p>Software PYME Somos distribuidores oficiales de las aplicaciones para la peque\u00f1a empresa DivaCon, DivaGes y DivaPlus, del fabricante Revolution Software. En Tesis nos encargamos de todo el proceso; desde la venta, instalaci\u00f3n y formaci\u00f3n, hasta la puesta en marcha definitiva de los programas. Con esto le garantizamos una soluci\u00f3n integral y un compromiso expreso de [&hellip;]<\/p>\n","protected":false},"author":2,"featured_media":0,"parent":0,"menu_order":0,"comment_status":"closed","ping_status":"closed","template":"","meta":{"_et_pb_use_builder":"on","_et_pb_old_content":"","_et_gb_content_width":"","footnotes":""},"class_list":["post-4007","page","type-page","status-publish","hentry"],"yoast_head":"<!-- This site is optimized with the Yoast SEO plugin v27.5 - https:\/\/yoast.com\/product\/yoast-seo-wordpress\/ -->\n<title>Software PYME - Tesis Sistemas de Gesti\u00f3n, S.L. - Inform\u00e1tica Profesional<\/title>\n<meta name=\"robots\" content=\"index, follow, max-snippet:-1, max-image-preview:large, max-video-preview:-1\" \/>\n<link rel=\"canonical\" href=\"https:\/\/www.tesisinformatica.es\/cms\/software-pyme\/\" \/>\n<meta property=\"og:locale\" content=\"es_ES\" \/>\n<meta property=\"og:type\" content=\"article\" \/>\n<meta property=\"og:title\" content=\"Software PYME - Tesis Sistemas de Gesti\u00f3n, S.L. - Inform\u00e1tica Profesional\" \/>\n<meta property=\"og:description\" content=\"Software PYME Somos distribuidores oficiales de las aplicaciones para la peque\u00f1a empresa DivaCon, DivaGes y DivaPlus, del fabricante Revolution Software. En Tesis nos encargamos de todo el proceso; desde la venta, instalaci\u00f3n y formaci\u00f3n, hasta la puesta en marcha definitiva de los programas. Con esto le garantizamos una soluci\u00f3n integral y un compromiso expreso de [&hellip;]\" \/>\n<meta property=\"og:url\" content=\"https:\/\/www.tesisinformatica.es\/cms\/software-pyme\/\" \/>\n<meta property=\"og:site_name\" content=\"Tesis Sistemas de Gesti\u00f3n, S.L. - Inform\u00e1tica Profesional\" \/>\n<meta property=\"article:modified_time\" content=\"2025-09-22T13:54:21+00:00\" \/>\n<meta name=\"twitter:card\" content=\"summary_large_image\" \/>\n<meta name=\"twitter:label1\" content=\"Tiempo de lectura\" \/>\n\t<meta name=\"twitter:data1\" content=\"5 minutos\" \/>\n<script type=\"application\/ld+json\" class=\"yoast-schema-graph\">{\"@context\":\"https:\\\/\\\/schema.org\",\"@graph\":[{\"@type\":\"WebPage\",\"@id\":\"https:\\\/\\\/www.tesisinformatica.es\\\/cms\\\/software-pyme\\\/\",\"url\":\"https:\\\/\\\/www.tesisinformatica.es\\\/cms\\\/software-pyme\\\/\",\"name\":\"Software PYME - Tesis Sistemas de Gesti\u00f3n, S.L. - Inform\u00e1tica Profesional\",\"isPartOf\":{\"@id\":\"https:\\\/\\\/www.tesisinformatica.es\\\/cms\\\/#website\"},\"datePublished\":\"2021-03-04T10:56:23+00:00\",\"dateModified\":\"2025-09-22T13:54:21+00:00\",\"breadcrumb\":{\"@id\":\"https:\\\/\\\/www.tesisinformatica.es\\\/cms\\\/software-pyme\\\/#breadcrumb\"},\"inLanguage\":\"es\",\"potentialAction\":[{\"@type\":\"ReadAction\",\"target\":[\"https:\\\/\\\/www.tesisinformatica.es\\\/cms\\\/software-pyme\\\/\"]}]},{\"@type\":\"BreadcrumbList\",\"@id\":\"https:\\\/\\\/www.tesisinformatica.es\\\/cms\\\/software-pyme\\\/#breadcrumb\",\"itemListElement\":[{\"@type\":\"ListItem\",\"position\":1,\"name\":\"Portada\",\"item\":\"https:\\\/\\\/www.tesisinformatica.es\\\/cms\\\/\"},{\"@type\":\"ListItem\",\"position\":2,\"name\":\"Software PYME\"}]},{\"@type\":\"WebSite\",\"@id\":\"https:\\\/\\\/www.tesisinformatica.es\\\/cms\\\/#website\",\"url\":\"https:\\\/\\\/www.tesisinformatica.es\\\/cms\\\/\",\"name\":\"Tesis Sistemas de Gesti\u00f3n, S.L. - Inform\u00e1tica Profesional\",\"description\":\"Ofrecemos soluciones inform\u00e1ticas que cubren todas las necesidades de la peque\u00f1a empresa: Hardware, Software, Servicio T\u00e9cnico.\",\"potentialAction\":[{\"@type\":\"SearchAction\",\"target\":{\"@type\":\"EntryPoint\",\"urlTemplate\":\"https:\\\/\\\/www.tesisinformatica.es\\\/cms\\\/?s={search_term_string}\"},\"query-input\":{\"@type\":\"PropertyValueSpecification\",\"valueRequired\":true,\"valueName\":\"search_term_string\"}}],\"inLanguage\":\"es\"}]}<\/script>\n<!-- \/ Yoast SEO plugin. -->","yoast_head_json":{"title":"Software PYME - Tesis Sistemas de Gesti\u00f3n, S.L. - Inform\u00e1tica Profesional","robots":{"index":"index","follow":"follow","max-snippet":"max-snippet:-1","max-image-preview":"max-image-preview:large","max-video-preview":"max-video-preview:-1"},"canonical":"https:\/\/www.tesisinformatica.es\/cms\/software-pyme\/","og_locale":"es_ES","og_type":"article","og_title":"Software PYME - Tesis Sistemas de Gesti\u00f3n, S.L. - Inform\u00e1tica Profesional","og_description":"Software PYME Somos distribuidores oficiales de las aplicaciones para la peque\u00f1a empresa DivaCon, DivaGes y DivaPlus, del fabricante Revolution Software. En Tesis nos encargamos de todo el proceso; desde la venta, instalaci\u00f3n y formaci\u00f3n, hasta la puesta en marcha definitiva de los programas. Con esto le garantizamos una soluci\u00f3n integral y un compromiso expreso de [&hellip;]","og_url":"https:\/\/www.tesisinformatica.es\/cms\/software-pyme\/","og_site_name":"Tesis Sistemas de Gesti\u00f3n, S.L. - Inform\u00e1tica Profesional","article_modified_time":"2025-09-22T13:54:21+00:00","twitter_card":"summary_large_image","twitter_misc":{"Tiempo de lectura":"5 minutos"},"schema":{"@context":"https:\/\/schema.org","@graph":[{"@type":"WebPage","@id":"https:\/\/www.tesisinformatica.es\/cms\/software-pyme\/","url":"https:\/\/www.tesisinformatica.es\/cms\/software-pyme\/","name":"Software PYME - Tesis Sistemas de Gesti\u00f3n, S.L. - Inform\u00e1tica Profesional","isPartOf":{"@id":"https:\/\/www.tesisinformatica.es\/cms\/#website"},"datePublished":"2021-03-04T10:56:23+00:00","dateModified":"2025-09-22T13:54:21+00:00","breadcrumb":{"@id":"https:\/\/www.tesisinformatica.es\/cms\/software-pyme\/#breadcrumb"},"inLanguage":"es","potentialAction":[{"@type":"ReadAction","target":["https:\/\/www.tesisinformatica.es\/cms\/software-pyme\/"]}]},{"@type":"BreadcrumbList","@id":"https:\/\/www.tesisinformatica.es\/cms\/software-pyme\/#breadcrumb","itemListElement":[{"@type":"ListItem","position":1,"name":"Portada","item":"https:\/\/www.tesisinformatica.es\/cms\/"},{"@type":"ListItem","position":2,"name":"Software PYME"}]},{"@type":"WebSite","@id":"https:\/\/www.tesisinformatica.es\/cms\/#website","url":"https:\/\/www.tesisinformatica.es\/cms\/","name":"Tesis Sistemas de Gesti\u00f3n, S.L. - Inform\u00e1tica Profesional","description":"Ofrecemos soluciones inform\u00e1ticas que cubren todas las necesidades de la peque\u00f1a empresa: Hardware, Software, Servicio T\u00e9cnico.","potentialAction":[{"@type":"SearchAction","target":{"@type":"EntryPoint","urlTemplate":"https:\/\/www.tesisinformatica.es\/cms\/?s={search_term_string}"},"query-input":{"@type":"PropertyValueSpecification","valueRequired":true,"valueName":"search_term_string"}}],"inLanguage":"es"}]}},"_links":{"self":[{"href":"https:\/\/www.tesisinformatica.es\/cms\/wp-json\/wp\/v2\/pages\/4007","targetHints":{"allow":["GET"]}}],"collection":[{"href":"https:\/\/www.tesisinformatica.es\/cms\/wp-json\/wp\/v2\/pages"}],"about":[{"href":"https:\/\/www.tesisinformatica.es\/cms\/wp-json\/wp\/v2\/types\/page"}],"author":[{"embeddable":true,"href":"https:\/\/www.tesisinformatica.es\/cms\/wp-json\/wp\/v2\/users\/2"}],"replies":[{"embeddable":true,"href":"https:\/\/www.tesisinformatica.es\/cms\/wp-json\/wp\/v2\/comments?post=4007"}],"version-history":[{"count":37,"href":"https:\/\/www.tesisinformatica.es\/cms\/wp-json\/wp\/v2\/pages\/4007\/revisions"}],"predecessor-version":[{"id":10834,"href":"https:\/\/www.tesisinformatica.es\/cms\/wp-json\/wp\/v2\/pages\/4007\/revisions\/10834"}],"wp:attachment":[{"href":"https:\/\/www.tesisinformatica.es\/cms\/wp-json\/wp\/v2\/media?parent=4007"}],"curies":[{"name":"wp","href":"https:\/\/api.w.org\/{rel}","templated":true}]}}