{"id":28,"date":"2020-06-16T17:05:07","date_gmt":"2020-06-16T17:05:07","guid":{"rendered":"https:\/\/www.tesisinformatica.es\/cms\/?page_id=28"},"modified":"2025-03-17T17:51:36","modified_gmt":"2025-03-17T16:51:36","slug":"nuestra-empresa","status":"publish","type":"page","link":"https:\/\/www.tesisinformatica.es\/cms\/nuestra-empresa\/","title":{"rendered":"Empresa"},"content":{"rendered":"<p>[et_pb_section fb_built=\u00bb1&#8243; admin_label=\u00bbHeader\u00bb _builder_version=\u00bb4.16&#8243; use_background_color_gradient=\u00bbon\u00bb background_color_gradient_type=\u00bbcircular\u00bb background_color_gradient_direction_radial=\u00bbtop right\u00bb background_color_gradient_stops=\u00bb#00ffd8 0%|#0029e2 100%\u00bb background_color_gradient_start=\u00bb#00ffd8&#8243; background_color_gradient_end=\u00bb#0029e2&#8243; background_image=\u00bbhttps:\/\/www.tesisinformatica.es\/cms\/wp-content\/uploads\/2020\/06\/cyber-security-18.png\u00bb parallax=\u00bbon\u00bb min_height=\u00bb95px\u00bb custom_margin=\u00bb||0px|||\u00bb custom_padding=\u00bb0vw||0px|||\u00bb da_disable_devices=\u00bboff|off|off\u00bb locked=\u00bboff\u00bb global_colors_info=\u00bb{}\u00bb da_is_popup=\u00bboff\u00bb da_exit_intent=\u00bboff\u00bb da_has_close=\u00bbon\u00bb da_alt_close=\u00bboff\u00bb da_dark_close=\u00bboff\u00bb da_not_modal=\u00bbon\u00bb da_is_singular=\u00bboff\u00bb da_with_loader=\u00bboff\u00bb da_has_shadow=\u00bbon\u00bb][et_pb_row _builder_version=\u00bb4.16&#8243; global_colors_info=\u00bb{}\u00bb][et_pb_column type=\u00bb4_4&#8243; _builder_version=\u00bb4.16&#8243; global_colors_info=\u00bb{}\u00bb][et_pb_text _builder_version=\u00bb4.16&#8243; custom_margin=\u00bb10px||||false|false\u00bb global_colors_info=\u00bb{}\u00bb]<\/p>\n<h3 style=\"text-align: center;\"><span style=\"color: #ffffff;\">Empresa<\/span><\/h3>\n<p>[\/et_pb_text][\/et_pb_column][\/et_pb_row][\/et_pb_section][et_pb_section fb_built=\u00bb1&#8243; _builder_version=\u00bb4.16&#8243; min_height=\u00bb336px\u00bb custom_margin=\u00bb||-65px|||\u00bb da_disable_devices=\u00bboff|off|off\u00bb global_colors_info=\u00bb{}\u00bb da_is_popup=\u00bboff\u00bb da_exit_intent=\u00bboff\u00bb da_has_close=\u00bbon\u00bb da_alt_close=\u00bboff\u00bb da_dark_close=\u00bboff\u00bb da_not_modal=\u00bbon\u00bb da_is_singular=\u00bboff\u00bb da_with_loader=\u00bboff\u00bb da_has_shadow=\u00bbon\u00bb][et_pb_row _builder_version=\u00bb4.16&#8243; custom_padding=\u00bb||0px|||\u00bb global_colors_info=\u00bb{}\u00bb][et_pb_column type=\u00bb4_4&#8243; _builder_version=\u00bb4.16&#8243; global_colors_info=\u00bb{}\u00bb][et_pb_text _builder_version=\u00bb4.27.4&#8243; hover_enabled=\u00bb0&#8243; global_colors_info=\u00bb{}\u00bb sticky_enabled=\u00bb0&#8243;]<\/p>\n<p align=\"justify\"><span style=\"color: #2ea3f2;\"><strong>Tesis Sistemas de Gesti\u00f3n, S.L.<\/strong><\/span>, se constituye en octubre de 1990 como una empresa especializada en el desarrollo de soluciones inform\u00e1ticas para la peque\u00f1a y mediana empresa.<\/p>\n<p align=\"justify\">Nuestra evoluci\u00f3n siempre ha ido ligada a la confianza de nuestros clientes. Por este motivo, y atendiendo a sus demandas, ampliamos constantemente nuestro cat\u00e1logo de productos, adapt\u00e1ndolo en todo momento a las exigencias y necesidades de la PYME.<\/p>\n<p align=\"justify\">Ofrecemos soluciones inform\u00e1ticas que cubren todas las necesidades de la peque\u00f1a empresa:<span style=\"color: #0c71c3;\"><strong><a href=\".\/software-pyme\"> Software PYME<\/a>, <a href=\".\/servicio-tecnico\/\">Servicio T\u00e9cnico y Mantenimiento Inform\u00e1tico.<\/a><\/strong><\/span><\/p>\n<p align=\"justify\">Desde el principio hemos centrado todos los esfuerzos en ofrecer soluciones que mejoren los procesos inform\u00e1ticos de nuestros clientes, facilitando los productos y servicios necesarios para hacer frente a cada necesidad de forma profesional y personalizada.<\/p>\n<p>[\/et_pb_text][\/et_pb_column][\/et_pb_row][\/et_pb_section][et_pb_section fb_built=\u00bb1&#8243; _builder_version=\u00bb4.16&#8243; custom_padding=\u00bb0px|||||\u00bb da_disable_devices=\u00bboff|off|off\u00bb global_colors_info=\u00bb{}\u00bb da_is_popup=\u00bboff\u00bb da_exit_intent=\u00bboff\u00bb da_has_close=\u00bbon\u00bb da_alt_close=\u00bboff\u00bb da_dark_close=\u00bboff\u00bb da_not_modal=\u00bbon\u00bb da_is_singular=\u00bboff\u00bb da_with_loader=\u00bboff\u00bb da_has_shadow=\u00bbon\u00bb][et_pb_row _builder_version=\u00bb4.16&#8243; global_colors_info=\u00bb{}\u00bb][et_pb_column type=\u00bb4_4&#8243; _builder_version=\u00bb4.16&#8243; global_colors_info=\u00bb{}\u00bb][et_pb_image src=\u00bbhttps:\/\/www.tesisinformatica.es\/cms\/wp-content\/uploads\/2020\/06\/foto-fachadas-tesis.jpg\u00bb title_text=\u00bbfoto-fachadas-tesis\u00bb _builder_version=\u00bb4.16&#8243; custom_margin=\u00bb45px|||||\u00bb custom_padding=\u00bb3px|||||\u00bb global_colors_info=\u00bb{}\u00bb][\/et_pb_image][\/et_pb_column][\/et_pb_row][\/et_pb_section]<\/p>\n","protected":false},"excerpt":{"rendered":"<p>EmpresaTesis Sistemas de Gesti\u00f3n, S.L., se constituye en octubre de 1990 como una empresa especializada en el desarrollo de soluciones inform\u00e1ticas para la peque\u00f1a y mediana empresa. Nuestra evoluci\u00f3n siempre ha ido ligada a la confianza de nuestros clientes. Por este motivo, y atendiendo a sus demandas, ampliamos constantemente nuestro cat\u00e1logo de productos, adapt\u00e1ndolo en [&hellip;]<\/p>\n","protected":false},"author":1,"featured_media":0,"parent":0,"menu_order":0,"comment_status":"closed","ping_status":"closed","template":"","meta":{"_et_pb_use_builder":"on","_et_pb_old_content":"","_et_gb_content_width":"","footnotes":""},"class_list":["post-28","page","type-page","status-publish","hentry"],"yoast_head":"<!-- This site is optimized with the Yoast SEO plugin v27.5 - https:\/\/yoast.com\/product\/yoast-seo-wordpress\/ -->\n<title>Empresa - Tesis Sistemas de Gesti\u00f3n, S.L. - Inform\u00e1tica Profesional<\/title>\n<meta name=\"robots\" content=\"index, follow, max-snippet:-1, max-image-preview:large, max-video-preview:-1\" \/>\n<link rel=\"canonical\" href=\"https:\/\/www.tesisinformatica.es\/cms\/nuestra-empresa\/\" \/>\n<meta property=\"og:locale\" content=\"es_ES\" \/>\n<meta property=\"og:type\" content=\"article\" \/>\n<meta property=\"og:title\" content=\"Empresa - Tesis Sistemas de Gesti\u00f3n, S.L. - Inform\u00e1tica Profesional\" \/>\n<meta property=\"og:description\" content=\"EmpresaTesis Sistemas de Gesti\u00f3n, S.L., se constituye en octubre de 1990 como una empresa especializada en el desarrollo de soluciones inform\u00e1ticas para la peque\u00f1a y mediana empresa. Nuestra evoluci\u00f3n siempre ha ido ligada a la confianza de nuestros clientes. Por este motivo, y atendiendo a sus demandas, ampliamos constantemente nuestro cat\u00e1logo de productos, adapt\u00e1ndolo en [&hellip;]\" \/>\n<meta property=\"og:url\" content=\"https:\/\/www.tesisinformatica.es\/cms\/nuestra-empresa\/\" \/>\n<meta property=\"og:site_name\" content=\"Tesis Sistemas de Gesti\u00f3n, S.L. - Inform\u00e1tica Profesional\" \/>\n<meta property=\"article:modified_time\" content=\"2025-03-17T16:51:36+00:00\" \/>\n<meta name=\"twitter:card\" content=\"summary_large_image\" \/>\n<meta name=\"twitter:label1\" content=\"Tiempo de lectura\" \/>\n\t<meta name=\"twitter:data1\" content=\"3 minutos\" \/>\n<script type=\"application\/ld+json\" class=\"yoast-schema-graph\">{\"@context\":\"https:\\\/\\\/schema.org\",\"@graph\":[{\"@type\":\"WebPage\",\"@id\":\"https:\\\/\\\/www.tesisinformatica.es\\\/cms\\\/nuestra-empresa\\\/\",\"url\":\"https:\\\/\\\/www.tesisinformatica.es\\\/cms\\\/nuestra-empresa\\\/\",\"name\":\"Empresa - Tesis Sistemas de Gesti\u00f3n, S.L. - Inform\u00e1tica Profesional\",\"isPartOf\":{\"@id\":\"https:\\\/\\\/www.tesisinformatica.es\\\/cms\\\/#website\"},\"datePublished\":\"2020-06-16T17:05:07+00:00\",\"dateModified\":\"2025-03-17T16:51:36+00:00\",\"breadcrumb\":{\"@id\":\"https:\\\/\\\/www.tesisinformatica.es\\\/cms\\\/nuestra-empresa\\\/#breadcrumb\"},\"inLanguage\":\"es\",\"potentialAction\":[{\"@type\":\"ReadAction\",\"target\":[\"https:\\\/\\\/www.tesisinformatica.es\\\/cms\\\/nuestra-empresa\\\/\"]}]},{\"@type\":\"BreadcrumbList\",\"@id\":\"https:\\\/\\\/www.tesisinformatica.es\\\/cms\\\/nuestra-empresa\\\/#breadcrumb\",\"itemListElement\":[{\"@type\":\"ListItem\",\"position\":1,\"name\":\"Portada\",\"item\":\"https:\\\/\\\/www.tesisinformatica.es\\\/cms\\\/\"},{\"@type\":\"ListItem\",\"position\":2,\"name\":\"Empresa\"}]},{\"@type\":\"WebSite\",\"@id\":\"https:\\\/\\\/www.tesisinformatica.es\\\/cms\\\/#website\",\"url\":\"https:\\\/\\\/www.tesisinformatica.es\\\/cms\\\/\",\"name\":\"Tesis Sistemas de Gesti\u00f3n, S.L. - Inform\u00e1tica Profesional\",\"description\":\"Ofrecemos soluciones inform\u00e1ticas que cubren todas las necesidades de la peque\u00f1a empresa: Hardware, Software, Servicio T\u00e9cnico.\",\"potentialAction\":[{\"@type\":\"SearchAction\",\"target\":{\"@type\":\"EntryPoint\",\"urlTemplate\":\"https:\\\/\\\/www.tesisinformatica.es\\\/cms\\\/?s={search_term_string}\"},\"query-input\":{\"@type\":\"PropertyValueSpecification\",\"valueRequired\":true,\"valueName\":\"search_term_string\"}}],\"inLanguage\":\"es\"}]}<\/script>\n<!-- \/ Yoast SEO plugin. -->","yoast_head_json":{"title":"Empresa - Tesis Sistemas de Gesti\u00f3n, S.L. - Inform\u00e1tica Profesional","robots":{"index":"index","follow":"follow","max-snippet":"max-snippet:-1","max-image-preview":"max-image-preview:large","max-video-preview":"max-video-preview:-1"},"canonical":"https:\/\/www.tesisinformatica.es\/cms\/nuestra-empresa\/","og_locale":"es_ES","og_type":"article","og_title":"Empresa - Tesis Sistemas de Gesti\u00f3n, S.L. - Inform\u00e1tica Profesional","og_description":"EmpresaTesis Sistemas de Gesti\u00f3n, S.L., se constituye en octubre de 1990 como una empresa especializada en el desarrollo de soluciones inform\u00e1ticas para la peque\u00f1a y mediana empresa. Nuestra evoluci\u00f3n siempre ha ido ligada a la confianza de nuestros clientes. Por este motivo, y atendiendo a sus demandas, ampliamos constantemente nuestro cat\u00e1logo de productos, adapt\u00e1ndolo en [&hellip;]","og_url":"https:\/\/www.tesisinformatica.es\/cms\/nuestra-empresa\/","og_site_name":"Tesis Sistemas de Gesti\u00f3n, S.L. - Inform\u00e1tica Profesional","article_modified_time":"2025-03-17T16:51:36+00:00","twitter_card":"summary_large_image","twitter_misc":{"Tiempo de lectura":"3 minutos"},"schema":{"@context":"https:\/\/schema.org","@graph":[{"@type":"WebPage","@id":"https:\/\/www.tesisinformatica.es\/cms\/nuestra-empresa\/","url":"https:\/\/www.tesisinformatica.es\/cms\/nuestra-empresa\/","name":"Empresa - Tesis Sistemas de Gesti\u00f3n, S.L. - Inform\u00e1tica Profesional","isPartOf":{"@id":"https:\/\/www.tesisinformatica.es\/cms\/#website"},"datePublished":"2020-06-16T17:05:07+00:00","dateModified":"2025-03-17T16:51:36+00:00","breadcrumb":{"@id":"https:\/\/www.tesisinformatica.es\/cms\/nuestra-empresa\/#breadcrumb"},"inLanguage":"es","potentialAction":[{"@type":"ReadAction","target":["https:\/\/www.tesisinformatica.es\/cms\/nuestra-empresa\/"]}]},{"@type":"BreadcrumbList","@id":"https:\/\/www.tesisinformatica.es\/cms\/nuestra-empresa\/#breadcrumb","itemListElement":[{"@type":"ListItem","position":1,"name":"Portada","item":"https:\/\/www.tesisinformatica.es\/cms\/"},{"@type":"ListItem","position":2,"name":"Empresa"}]},{"@type":"WebSite","@id":"https:\/\/www.tesisinformatica.es\/cms\/#website","url":"https:\/\/www.tesisinformatica.es\/cms\/","name":"Tesis Sistemas de Gesti\u00f3n, S.L. - Inform\u00e1tica Profesional","description":"Ofrecemos soluciones inform\u00e1ticas que cubren todas las necesidades de la peque\u00f1a empresa: Hardware, Software, Servicio T\u00e9cnico.","potentialAction":[{"@type":"SearchAction","target":{"@type":"EntryPoint","urlTemplate":"https:\/\/www.tesisinformatica.es\/cms\/?s={search_term_string}"},"query-input":{"@type":"PropertyValueSpecification","valueRequired":true,"valueName":"search_term_string"}}],"inLanguage":"es"}]}},"_links":{"self":[{"href":"https:\/\/www.tesisinformatica.es\/cms\/wp-json\/wp\/v2\/pages\/28","targetHints":{"allow":["GET"]}}],"collection":[{"href":"https:\/\/www.tesisinformatica.es\/cms\/wp-json\/wp\/v2\/pages"}],"about":[{"href":"https:\/\/www.tesisinformatica.es\/cms\/wp-json\/wp\/v2\/types\/page"}],"author":[{"embeddable":true,"href":"https:\/\/www.tesisinformatica.es\/cms\/wp-json\/wp\/v2\/users\/1"}],"replies":[{"embeddable":true,"href":"https:\/\/www.tesisinformatica.es\/cms\/wp-json\/wp\/v2\/comments?post=28"}],"version-history":[{"count":12,"href":"https:\/\/www.tesisinformatica.es\/cms\/wp-json\/wp\/v2\/pages\/28\/revisions"}],"predecessor-version":[{"id":8856,"href":"https:\/\/www.tesisinformatica.es\/cms\/wp-json\/wp\/v2\/pages\/28\/revisions\/8856"}],"wp:attachment":[{"href":"https:\/\/www.tesisinformatica.es\/cms\/wp-json\/wp\/v2\/media?parent=28"}],"curies":[{"name":"wp","href":"https:\/\/api.w.org\/{rel}","templated":true}]}}