{"id":10799,"date":"2025-09-22T11:56:00","date_gmt":"2025-09-22T09:56:00","guid":{"rendered":"https:\/\/www.tesisinformatica.es\/cms\/?page_id=10799"},"modified":"2025-09-26T13:00:13","modified_gmt":"2025-09-26T11:00:13","slug":"verifactu","status":"publish","type":"page","link":"https:\/\/www.tesisinformatica.es\/cms\/verifactu\/","title":{"rendered":"Verifactu"},"content":{"rendered":"<p>[et_pb_section fb_built=\u00bb1&#8243; admin_label=\u00bbHeader\u00bb _builder_version=\u00bb4.16&#8243; use_background_color_gradient=\u00bbon\u00bb background_color_gradient_type=\u00bbcircular\u00bb background_color_gradient_direction_radial=\u00bbtop right\u00bb background_color_gradient_stops=\u00bb#00ffd8 0%|#0029e2 100%\u00bb background_color_gradient_start=\u00bb#00ffd8&#8243; background_color_gradient_end=\u00bb#0029e2&#8243; background_image=\u00bbhttps:\/\/www.tesisinformatica.es\/cms\/wp-content\/uploads\/2020\/06\/cyber-security-18.png\u00bb parallax=\u00bbon\u00bb min_height=\u00bb95px\u00bb custom_margin=\u00bb||0px|||\u00bb custom_padding=\u00bb0vw||0px|||\u00bb da_disable_devices=\u00bboff|off|off\u00bb locked=\u00bboff\u00bb global_colors_info=\u00bb{}\u00bb da_is_popup=\u00bboff\u00bb da_exit_intent=\u00bboff\u00bb da_has_close=\u00bbon\u00bb da_alt_close=\u00bboff\u00bb da_dark_close=\u00bboff\u00bb da_not_modal=\u00bbon\u00bb da_is_singular=\u00bboff\u00bb da_with_loader=\u00bboff\u00bb da_has_shadow=\u00bbon\u00bb][et_pb_row _builder_version=\u00bb4.16&#8243; global_colors_info=\u00bb{}\u00bb][et_pb_column type=\u00bb4_4&#8243; _builder_version=\u00bb4.16&#8243; global_colors_info=\u00bb{}\u00bb][et_pb_text _builder_version=\u00bb4.27.4&#8243; custom_margin=\u00bb10px||||false|false\u00bb global_colors_info=\u00bb{}\u00bb]<\/p>\n<h3 style=\"text-align: center;\"><span style=\"color: #ffffff;\">Verifactu<\/span><\/h3>\n<p>[\/et_pb_text][\/et_pb_column][\/et_pb_row][\/et_pb_section][et_pb_section fb_built=\u00bb1&#8243; _builder_version=\u00bb4.27.4&#8243; min_height=\u00bb336px\u00bb custom_margin=\u00bb||||false|false\u00bb da_disable_devices=\u00bboff|off|off\u00bb global_colors_info=\u00bb{}\u00bb da_is_popup=\u00bboff\u00bb da_exit_intent=\u00bboff\u00bb da_has_close=\u00bbon\u00bb da_alt_close=\u00bboff\u00bb da_dark_close=\u00bboff\u00bb da_not_modal=\u00bbon\u00bb da_is_singular=\u00bboff\u00bb da_with_loader=\u00bboff\u00bb da_has_shadow=\u00bbon\u00bb][et_pb_row column_structure=\u00bb2_3,1_3&#8243; _builder_version=\u00bb4.27.4&#8243; _module_preset=\u00bbdefault\u00bb global_colors_info=\u00bb{}\u00bb][et_pb_column type=\u00bb2_3&#8243; _builder_version=\u00bb4.27.4&#8243; _module_preset=\u00bbdefault\u00bb global_colors_info=\u00bb{}\u00bb][et_pb_text _builder_version=\u00bb4.27.4&#8243; _module_preset=\u00bbdefault\u00bb text_font_size=\u00bb16px\u00bb background_color=\u00bbrgba(174,184,193,0.3)\u00bb custom_margin=\u00bb10%||||false|false\u00bb custom_padding=\u00bb20px|20px|20px|20px|false|false\u00bb border_radii=\u00bbon|44px|44px|44px|44px\u00bb global_colors_info=\u00bb{}\u00bb]<\/p>\n<h2 style=\"text-align: center;\">\u00bfQu\u00e9 es<img loading=\"lazy\" decoding=\"async\" src=\"https:\/\/www.tesisinformatica.es\/cms\/wp-content\/uploads\/2025\/07\/logo-verifactu-300x89.png\" width=\"189\" height=\"56\" alt=\"\" class=\"wp-image-10594 alignnone size-medium\" \/>?<\/h2>\n<p>[\/et_pb_text][\/et_pb_column][et_pb_column type=\u00bb1_3&#8243; _builder_version=\u00bb4.27.4&#8243; _module_preset=\u00bbdefault\u00bb global_colors_info=\u00bb{}\u00bb][et_pb_image src=\u00bbhttps:\/\/www.tesisinformatica.es\/cms\/wp-content\/uploads\/2025\/09\/personaje-dudando.png\u00bb title_text=\u00bbpersonaje-dudando\u00bb _builder_version=\u00bb4.27.4&#8243; _module_preset=\u00bbdefault\u00bb width=\u00bb34%\u00bb global_colors_info=\u00bb{}\u00bb][\/et_pb_image][\/et_pb_column][\/et_pb_row][et_pb_row column_structure=\u00bb1_3,2_3&#8243; _builder_version=\u00bb4.27.4&#8243; _module_preset=\u00bbdefault\u00bb global_colors_info=\u00bb{}\u00bb][et_pb_column type=\u00bb1_3&#8243; _builder_version=\u00bb4.27.4&#8243; _module_preset=\u00bbdefault\u00bb global_colors_info=\u00bb{}\u00bb][et_pb_image src=\u00bbhttps:\/\/www.tesisinformatica.es\/cms\/wp-content\/uploads\/2025\/09\/personaje-tesis.png\u00bb title_text=\u00bbpersonaje-tesis\u00bb align=\u00bbright\u00bb _builder_version=\u00bb4.27.4&#8243; _module_preset=\u00bbdefault\u00bb width=\u00bb53%\u00bb global_colors_info=\u00bb{}\u00bb][\/et_pb_image][\/et_pb_column][et_pb_column type=\u00bb2_3&#8243; _builder_version=\u00bb4.27.4&#8243; _module_preset=\u00bbdefault\u00bb global_colors_info=\u00bb{}\u00bb][et_pb_text _builder_version=\u00bb4.27.4&#8243; _module_preset=\u00bbdefault\u00bb text_font_size=\u00bb16px\u00bb background_color=\u00bbrgba(174,184,193,0.3)\u00bb custom_padding=\u00bb20px|20px|20px|20px|false|false\u00bb border_radii=\u00bbon|44px|44px|44px|44px\u00bb global_colors_info=\u00bb{}\u00bb]<\/p>\n<p><span>Es el sistema de facturaci\u00f3n electr\u00f3nico impulsado por la Agencia Tributaria (AEAT) , la cual exige que las facturas sean \u00edntegras, verificables y no manipulables, y que los programas de facturaci\u00f3n cumplan requisitos t\u00e9cnicos para enviar y conservar los registros.<\/span><\/p>\n<p>[\/et_pb_text][\/et_pb_column][\/et_pb_row][et_pb_row column_structure=\u00bb2_3,1_3&#8243; _builder_version=\u00bb4.27.4&#8243; _module_preset=\u00bbdefault\u00bb global_colors_info=\u00bb{}\u00bb][et_pb_column type=\u00bb2_3&#8243; _builder_version=\u00bb4.27.4&#8243; _module_preset=\u00bbdefault\u00bb global_colors_info=\u00bb{}\u00bb][et_pb_text _builder_version=\u00bb4.27.4&#8243; _module_preset=\u00bbdefault\u00bb text_font_size=\u00bb16px\u00bb background_color=\u00bbrgba(174,184,193,0.3)\u00bb custom_margin=\u00bb10%||||false|false\u00bb custom_padding=\u00bb20px|20px|20px|20px|false|false\u00bb border_radii=\u00bbon|44px|44px|44px|44px\u00bb global_colors_info=\u00bb{}\u00bb]<\/p>\n<h2 style=\"text-align: center;\">\u00bfQui\u00e9n est\u00e1 obligado?<\/h2>\n<p>[\/et_pb_text][\/et_pb_column][et_pb_column type=\u00bb1_3&#8243; _builder_version=\u00bb4.27.4&#8243; _module_preset=\u00bbdefault\u00bb global_colors_info=\u00bb{}\u00bb][et_pb_image src=\u00bbhttps:\/\/www.tesisinformatica.es\/cms\/wp-content\/uploads\/2025\/09\/personaje-dudando.png\u00bb title_text=\u00bbpersonaje-dudando\u00bb _builder_version=\u00bb4.27.4&#8243; _module_preset=\u00bbdefault\u00bb width=\u00bb34%\u00bb global_colors_info=\u00bb{}\u00bb][\/et_pb_image][\/et_pb_column][\/et_pb_row][et_pb_row column_structure=\u00bb1_3,2_3&#8243; _builder_version=\u00bb4.27.4&#8243; _module_preset=\u00bbdefault\u00bb global_colors_info=\u00bb{}\u00bb][et_pb_column type=\u00bb1_3&#8243; _builder_version=\u00bb4.27.4&#8243; _module_preset=\u00bbdefault\u00bb global_colors_info=\u00bb{}\u00bb][et_pb_image src=\u00bbhttps:\/\/www.tesisinformatica.es\/cms\/wp-content\/uploads\/2025\/09\/personaje-tesis.png\u00bb title_text=\u00bbpersonaje-tesis\u00bb align=\u00bbright\u00bb _builder_version=\u00bb4.27.4&#8243; _module_preset=\u00bbdefault\u00bb width=\u00bb53%\u00bb global_colors_info=\u00bb{}\u00bb][\/et_pb_image][\/et_pb_column][et_pb_column type=\u00bb2_3&#8243; _builder_version=\u00bb4.27.4&#8243; _module_preset=\u00bbdefault\u00bb global_colors_info=\u00bb{}\u00bb][et_pb_text _builder_version=\u00bb4.27.4&#8243; _module_preset=\u00bbdefault\u00bb text_font_size=\u00bb16px\u00bb background_color=\u00bbrgba(174,184,193,0.3)\u00bb custom_padding=\u00bb20px|20px|20px|20px|false|false\u00bb hover_enabled=\u00bb0&#8243; border_radii=\u00bbon|44px|44px|44px|44px\u00bb global_colors_info=\u00bb{}\u00bb sticky_enabled=\u00bb0&#8243;]- Empresas\u00a0\u00a0\u00a0\u00a0\u00a0\u00a0\u00a0\u00a0 desde el 1 de enero de 2026.<br \/>\n&#8211; Aut\u00f3nomos\u00a0 \u00a0 \u00a0 desde el 1 de julio de 2026.[\/et_pb_text][\/et_pb_column][\/et_pb_row][et_pb_row column_structure=\u00bb2_3,1_3&#8243; _builder_version=\u00bb4.27.4&#8243; _module_preset=\u00bbdefault\u00bb global_colors_info=\u00bb{}\u00bb][et_pb_column type=\u00bb2_3&#8243; _builder_version=\u00bb4.27.4&#8243; _module_preset=\u00bbdefault\u00bb global_colors_info=\u00bb{}\u00bb][et_pb_text _builder_version=\u00bb4.27.4&#8243; _module_preset=\u00bbdefault\u00bb text_font_size=\u00bb16px\u00bb background_color=\u00bbrgba(174,184,193,0.3)\u00bb custom_margin=\u00bb10%||||false|false\u00bb custom_padding=\u00bb20px|20px|20px|20px|false|false\u00bb border_radii=\u00bbon|44px|44px|44px|44px\u00bb global_colors_info=\u00bb{}\u00bb]<\/p>\n<h2 style=\"text-align: center;\">\u00bfQu\u00e9 necesito?<\/h2>\n<p>[\/et_pb_text][\/et_pb_column][et_pb_column type=\u00bb1_3&#8243; _builder_version=\u00bb4.27.4&#8243; _module_preset=\u00bbdefault\u00bb global_colors_info=\u00bb{}\u00bb][et_pb_image src=\u00bbhttps:\/\/www.tesisinformatica.es\/cms\/wp-content\/uploads\/2025\/09\/personaje-dudando.png\u00bb title_text=\u00bbpersonaje-dudando\u00bb _builder_version=\u00bb4.27.4&#8243; _module_preset=\u00bbdefault\u00bb width=\u00bb34%\u00bb global_colors_info=\u00bb{}\u00bb][\/et_pb_image][\/et_pb_column][\/et_pb_row][et_pb_row column_structure=\u00bb1_3,2_3&#8243; _builder_version=\u00bb4.27.4&#8243; _module_preset=\u00bbdefault\u00bb global_colors_info=\u00bb{}\u00bb][et_pb_column type=\u00bb1_3&#8243; _builder_version=\u00bb4.27.4&#8243; _module_preset=\u00bbdefault\u00bb global_colors_info=\u00bb{}\u00bb][et_pb_image src=\u00bbhttps:\/\/www.tesisinformatica.es\/cms\/wp-content\/uploads\/2025\/09\/personaje-tesis.png\u00bb title_text=\u00bbpersonaje-tesis\u00bb align=\u00bbright\u00bb _builder_version=\u00bb4.27.4&#8243; _module_preset=\u00bbdefault\u00bb width=\u00bb53%\u00bb global_colors_info=\u00bb{}\u00bb][\/et_pb_image][\/et_pb_column][et_pb_column type=\u00bb2_3&#8243; _builder_version=\u00bb4.27.4&#8243; _module_preset=\u00bbdefault\u00bb global_colors_info=\u00bb{}\u00bb][et_pb_text _builder_version=\u00bb4.27.4&#8243; _module_preset=\u00bbdefault\u00bb text_font_size=\u00bb16px\u00bb background_color=\u00bbrgba(174,184,193,0.3)\u00bb custom_padding=\u00bb20px|20px|20px|20px|false|false\u00bb hover_enabled=\u00bb0&#8243; border_radii=\u00bbon|44px|44px|44px|44px\u00bb global_colors_info=\u00bb{}\u00bb sticky_enabled=\u00bb0&#8243;]- Un programa de facturaci\u00f3n adaptado.<br \/>\n&#8211; Un equipo Inform\u00e1tico conectado a Internet.<br \/>\n&#8211; Un certificado electr\u00f3nico valido.[\/et_pb_text][\/et_pb_column][\/et_pb_row][et_pb_row column_structure=\u00bb1_4,1_2,1_4&#8243; _builder_version=\u00bb4.27.4&#8243; _module_preset=\u00bbdefault\u00bb background_color=\u00bbrgba(12,113,195,0.1)\u00bb width=\u00bb85%\u00bb max_width=\u00bb1255px\u00bb border_radii=\u00bbon|60px|60px|60px|60px\u00bb global_colors_info=\u00bb{}\u00bb][et_pb_column type=\u00bb1_4&#8243; _builder_version=\u00bb4.27.4&#8243; _module_preset=\u00bbdefault\u00bb global_colors_info=\u00bb{}\u00bb][et_pb_image src=\u00bbhttps:\/\/www.tesisinformatica.es\/cms\/wp-content\/uploads\/2025\/09\/personaje-tesis-hurra.png\u00bb title_text=\u00bbpersonaje-tesis-hurra\u00bb _builder_version=\u00bb4.27.4&#8243; _module_preset=\u00bbdefault\u00bb global_colors_info=\u00bb{}\u00bb][\/et_pb_image][\/et_pb_column][et_pb_column type=\u00bb1_2&#8243; _builder_version=\u00bb4.27.4&#8243; _module_preset=\u00bbdefault\u00bb global_colors_info=\u00bb{}\u00bb][et_pb_text _builder_version=\u00bb4.27.4&#8243; _module_preset=\u00bbdefault\u00bb text_font_size=\u00bb20px\u00bb module_alignment=\u00bbcenter\u00bb custom_margin=\u00bb22%||||false|false\u00bb custom_padding=\u00bb|||0px||\u00bb global_colors_info=\u00bb{}\u00bb]<\/p>\n<p style=\"text-align: center;\"><strong>En Tesis Inform\u00e1tica temenos una soluci\u00f3n a tu medida<\/strong><\/p>\n<p style=\"text-align: center;\"><strong>Consulta nuestro<\/strong>\u00a0<a href=\"https:\/\/www.tesisinformatica.es\/cms\/software-pyme\/\" target=\"_blank\" rel=\"noopener\"><strong>Software para Pyme<\/strong><\/a><\/p>\n<p>[\/et_pb_text][et_pb_image src=\u00bbhttps:\/\/www.tesisinformatica.es\/cms\/wp-content\/uploads\/2020\/06\/logo-tesis-vectorizado.png\u00bb title_text=\u00bblogo-tesis-vectorizado\u00bb align=\u00bbcenter\u00bb _builder_version=\u00bb4.27.4&#8243; _module_preset=\u00bbdefault\u00bb width=\u00bb28%\u00bb global_colors_info=\u00bb{}\u00bb][\/et_pb_image][\/et_pb_column][et_pb_column type=\u00bb1_4&#8243; _builder_version=\u00bb4.27.4&#8243; _module_preset=\u00bbdefault\u00bb global_colors_info=\u00bb{}\u00bb][et_pb_image src=\u00bbhttps:\/\/www.tesisinformatica.es\/cms\/wp-content\/uploads\/2025\/09\/personaje-ok.png\u00bb title_text=\u00bbpersonaje-ok\u00bb _builder_version=\u00bb4.27.4&#8243; _module_preset=\u00bbdefault\u00bb width=\u00bb76%\u00bb global_colors_info=\u00bb{}\u00bb][\/et_pb_image][\/et_pb_column][\/et_pb_row][\/et_pb_section]<\/p>\n","protected":false},"excerpt":{"rendered":"<p>Verifactu\u00bfQu\u00e9 es?Es el sistema de facturaci\u00f3n electr\u00f3nico impulsado por la Agencia Tributaria (AEAT) , la cual exige que las facturas sean \u00edntegras, verificables y no manipulables, y que los programas de facturaci\u00f3n cumplan requisitos t\u00e9cnicos para enviar y conservar los registros.\u00bfQui\u00e9n est\u00e1 obligado?- Empresas\u00a0\u00a0\u00a0\u00a0\u00a0\u00a0\u00a0\u00a0 desde el 1 de enero de 2026. &#8211; Aut\u00f3nomos\u00a0 \u00a0 \u00a0 [&hellip;]<\/p>\n","protected":false},"author":1,"featured_media":0,"parent":0,"menu_order":0,"comment_status":"closed","ping_status":"closed","template":"","meta":{"_et_pb_use_builder":"on","_et_pb_old_content":"","_et_gb_content_width":"","footnotes":""},"class_list":["post-10799","page","type-page","status-publish","hentry"],"yoast_head":"<!-- This site is optimized with the Yoast SEO plugin v27.5 - https:\/\/yoast.com\/product\/yoast-seo-wordpress\/ -->\n<title>Verifactu - Tesis Sistemas de Gesti\u00f3n, S.L. - Inform\u00e1tica Profesional<\/title>\n<meta name=\"description\" content=\"Es el sistema de facturaci\u00f3n electr\u00f3nico impulsado por la Agencia Tributaria (AEAT) que exige que las facturas sean \u00edntegras, verificables y no manipulables, y que los programas de facturaci\u00f3n cumplan requisitos t\u00e9cnicos para enviar y conservar los registros.\" \/>\n<meta name=\"robots\" content=\"index, follow, max-snippet:-1, max-image-preview:large, max-video-preview:-1\" \/>\n<link rel=\"canonical\" href=\"https:\/\/www.tesisinformatica.es\/cms\/verifactu\/\" \/>\n<meta property=\"og:locale\" content=\"es_ES\" \/>\n<meta property=\"og:type\" content=\"article\" \/>\n<meta property=\"og:title\" content=\"Verifactu - Tesis Sistemas de Gesti\u00f3n, S.L. - Inform\u00e1tica Profesional\" \/>\n<meta property=\"og:description\" content=\"Es el sistema de facturaci\u00f3n electr\u00f3nico impulsado por la Agencia Tributaria (AEAT) que exige que las facturas sean \u00edntegras, verificables y no manipulables, y que los programas de facturaci\u00f3n cumplan requisitos t\u00e9cnicos para enviar y conservar los registros.\" \/>\n<meta property=\"og:url\" content=\"https:\/\/www.tesisinformatica.es\/cms\/verifactu\/\" \/>\n<meta property=\"og:site_name\" content=\"Tesis Sistemas de Gesti\u00f3n, S.L. - Inform\u00e1tica Profesional\" \/>\n<meta property=\"article:modified_time\" content=\"2025-09-26T11:00:13+00:00\" \/>\n<meta property=\"og:image\" content=\"https:\/\/www.tesisinformatica.es\/cms\/wp-content\/uploads\/2025\/07\/logo-verifactu.png\" \/>\n\t<meta property=\"og:image:width\" content=\"1920\" \/>\n\t<meta property=\"og:image:height\" content=\"570\" \/>\n\t<meta property=\"og:image:type\" content=\"image\/png\" \/>\n<meta name=\"twitter:card\" content=\"summary_large_image\" \/>\n<meta name=\"twitter:label1\" content=\"Tiempo de lectura\" \/>\n\t<meta name=\"twitter:data1\" content=\"3 minutos\" \/>\n<script type=\"application\/ld+json\" class=\"yoast-schema-graph\">{\"@context\":\"https:\\\/\\\/schema.org\",\"@graph\":[{\"@type\":\"WebPage\",\"@id\":\"https:\\\/\\\/www.tesisinformatica.es\\\/cms\\\/verifactu\\\/\",\"url\":\"https:\\\/\\\/www.tesisinformatica.es\\\/cms\\\/verifactu\\\/\",\"name\":\"Verifactu - Tesis Sistemas de Gesti\u00f3n, S.L. - Inform\u00e1tica Profesional\",\"isPartOf\":{\"@id\":\"https:\\\/\\\/www.tesisinformatica.es\\\/cms\\\/#website\"},\"primaryImageOfPage\":{\"@id\":\"https:\\\/\\\/www.tesisinformatica.es\\\/cms\\\/verifactu\\\/#primaryimage\"},\"image\":{\"@id\":\"https:\\\/\\\/www.tesisinformatica.es\\\/cms\\\/verifactu\\\/#primaryimage\"},\"thumbnailUrl\":\"https:\\\/\\\/www.tesisinformatica.es\\\/cms\\\/wp-content\\\/uploads\\\/2025\\\/07\\\/logo-verifactu-300x89.png\",\"datePublished\":\"2025-09-22T09:56:00+00:00\",\"dateModified\":\"2025-09-26T11:00:13+00:00\",\"description\":\"Es el sistema de facturaci\u00f3n electr\u00f3nico impulsado por la Agencia Tributaria (AEAT) que exige que las facturas sean \u00edntegras, verificables y no manipulables, y que los programas de facturaci\u00f3n cumplan requisitos t\u00e9cnicos para enviar y conservar los registros.\",\"breadcrumb\":{\"@id\":\"https:\\\/\\\/www.tesisinformatica.es\\\/cms\\\/verifactu\\\/#breadcrumb\"},\"inLanguage\":\"es\",\"potentialAction\":[{\"@type\":\"ReadAction\",\"target\":[\"https:\\\/\\\/www.tesisinformatica.es\\\/cms\\\/verifactu\\\/\"]}]},{\"@type\":\"ImageObject\",\"inLanguage\":\"es\",\"@id\":\"https:\\\/\\\/www.tesisinformatica.es\\\/cms\\\/verifactu\\\/#primaryimage\",\"url\":\"https:\\\/\\\/www.tesisinformatica.es\\\/cms\\\/wp-content\\\/uploads\\\/2025\\\/07\\\/logo-verifactu.png\",\"contentUrl\":\"https:\\\/\\\/www.tesisinformatica.es\\\/cms\\\/wp-content\\\/uploads\\\/2025\\\/07\\\/logo-verifactu.png\",\"width\":1920,\"height\":570},{\"@type\":\"BreadcrumbList\",\"@id\":\"https:\\\/\\\/www.tesisinformatica.es\\\/cms\\\/verifactu\\\/#breadcrumb\",\"itemListElement\":[{\"@type\":\"ListItem\",\"position\":1,\"name\":\"Portada\",\"item\":\"https:\\\/\\\/www.tesisinformatica.es\\\/cms\\\/\"},{\"@type\":\"ListItem\",\"position\":2,\"name\":\"Verifactu\"}]},{\"@type\":\"WebSite\",\"@id\":\"https:\\\/\\\/www.tesisinformatica.es\\\/cms\\\/#website\",\"url\":\"https:\\\/\\\/www.tesisinformatica.es\\\/cms\\\/\",\"name\":\"Tesis Sistemas de Gesti\u00f3n, S.L. - Inform\u00e1tica Profesional\",\"description\":\"Ofrecemos soluciones inform\u00e1ticas que cubren todas las necesidades de la peque\u00f1a empresa: Hardware, Software, Servicio T\u00e9cnico.\",\"potentialAction\":[{\"@type\":\"SearchAction\",\"target\":{\"@type\":\"EntryPoint\",\"urlTemplate\":\"https:\\\/\\\/www.tesisinformatica.es\\\/cms\\\/?s={search_term_string}\"},\"query-input\":{\"@type\":\"PropertyValueSpecification\",\"valueRequired\":true,\"valueName\":\"search_term_string\"}}],\"inLanguage\":\"es\"}]}<\/script>\n<!-- \/ Yoast SEO plugin. -->","yoast_head_json":{"title":"Verifactu - Tesis Sistemas de Gesti\u00f3n, S.L. - Inform\u00e1tica Profesional","description":"Es el sistema de facturaci\u00f3n electr\u00f3nico impulsado por la Agencia Tributaria (AEAT) que exige que las facturas sean \u00edntegras, verificables y no manipulables, y que los programas de facturaci\u00f3n cumplan requisitos t\u00e9cnicos para enviar y conservar los registros.","robots":{"index":"index","follow":"follow","max-snippet":"max-snippet:-1","max-image-preview":"max-image-preview:large","max-video-preview":"max-video-preview:-1"},"canonical":"https:\/\/www.tesisinformatica.es\/cms\/verifactu\/","og_locale":"es_ES","og_type":"article","og_title":"Verifactu - Tesis Sistemas de Gesti\u00f3n, S.L. - Inform\u00e1tica Profesional","og_description":"Es el sistema de facturaci\u00f3n electr\u00f3nico impulsado por la Agencia Tributaria (AEAT) que exige que las facturas sean \u00edntegras, verificables y no manipulables, y que los programas de facturaci\u00f3n cumplan requisitos t\u00e9cnicos para enviar y conservar los registros.","og_url":"https:\/\/www.tesisinformatica.es\/cms\/verifactu\/","og_site_name":"Tesis Sistemas de Gesti\u00f3n, S.L. - Inform\u00e1tica Profesional","article_modified_time":"2025-09-26T11:00:13+00:00","og_image":[{"width":1920,"height":570,"url":"https:\/\/www.tesisinformatica.es\/cms\/wp-content\/uploads\/2025\/07\/logo-verifactu.png","type":"image\/png"}],"twitter_card":"summary_large_image","twitter_misc":{"Tiempo de lectura":"3 minutos"},"schema":{"@context":"https:\/\/schema.org","@graph":[{"@type":"WebPage","@id":"https:\/\/www.tesisinformatica.es\/cms\/verifactu\/","url":"https:\/\/www.tesisinformatica.es\/cms\/verifactu\/","name":"Verifactu - Tesis Sistemas de Gesti\u00f3n, S.L. - Inform\u00e1tica Profesional","isPartOf":{"@id":"https:\/\/www.tesisinformatica.es\/cms\/#website"},"primaryImageOfPage":{"@id":"https:\/\/www.tesisinformatica.es\/cms\/verifactu\/#primaryimage"},"image":{"@id":"https:\/\/www.tesisinformatica.es\/cms\/verifactu\/#primaryimage"},"thumbnailUrl":"https:\/\/www.tesisinformatica.es\/cms\/wp-content\/uploads\/2025\/07\/logo-verifactu-300x89.png","datePublished":"2025-09-22T09:56:00+00:00","dateModified":"2025-09-26T11:00:13+00:00","description":"Es el sistema de facturaci\u00f3n electr\u00f3nico impulsado por la Agencia Tributaria (AEAT) que exige que las facturas sean \u00edntegras, verificables y no manipulables, y que los programas de facturaci\u00f3n cumplan requisitos t\u00e9cnicos para enviar y conservar los registros.","breadcrumb":{"@id":"https:\/\/www.tesisinformatica.es\/cms\/verifactu\/#breadcrumb"},"inLanguage":"es","potentialAction":[{"@type":"ReadAction","target":["https:\/\/www.tesisinformatica.es\/cms\/verifactu\/"]}]},{"@type":"ImageObject","inLanguage":"es","@id":"https:\/\/www.tesisinformatica.es\/cms\/verifactu\/#primaryimage","url":"https:\/\/www.tesisinformatica.es\/cms\/wp-content\/uploads\/2025\/07\/logo-verifactu.png","contentUrl":"https:\/\/www.tesisinformatica.es\/cms\/wp-content\/uploads\/2025\/07\/logo-verifactu.png","width":1920,"height":570},{"@type":"BreadcrumbList","@id":"https:\/\/www.tesisinformatica.es\/cms\/verifactu\/#breadcrumb","itemListElement":[{"@type":"ListItem","position":1,"name":"Portada","item":"https:\/\/www.tesisinformatica.es\/cms\/"},{"@type":"ListItem","position":2,"name":"Verifactu"}]},{"@type":"WebSite","@id":"https:\/\/www.tesisinformatica.es\/cms\/#website","url":"https:\/\/www.tesisinformatica.es\/cms\/","name":"Tesis Sistemas de Gesti\u00f3n, S.L. - Inform\u00e1tica Profesional","description":"Ofrecemos soluciones inform\u00e1ticas que cubren todas las necesidades de la peque\u00f1a empresa: Hardware, Software, Servicio T\u00e9cnico.","potentialAction":[{"@type":"SearchAction","target":{"@type":"EntryPoint","urlTemplate":"https:\/\/www.tesisinformatica.es\/cms\/?s={search_term_string}"},"query-input":{"@type":"PropertyValueSpecification","valueRequired":true,"valueName":"search_term_string"}}],"inLanguage":"es"}]}},"_links":{"self":[{"href":"https:\/\/www.tesisinformatica.es\/cms\/wp-json\/wp\/v2\/pages\/10799","targetHints":{"allow":["GET"]}}],"collection":[{"href":"https:\/\/www.tesisinformatica.es\/cms\/wp-json\/wp\/v2\/pages"}],"about":[{"href":"https:\/\/www.tesisinformatica.es\/cms\/wp-json\/wp\/v2\/types\/page"}],"author":[{"embeddable":true,"href":"https:\/\/www.tesisinformatica.es\/cms\/wp-json\/wp\/v2\/users\/1"}],"replies":[{"embeddable":true,"href":"https:\/\/www.tesisinformatica.es\/cms\/wp-json\/wp\/v2\/comments?post=10799"}],"version-history":[{"count":13,"href":"https:\/\/www.tesisinformatica.es\/cms\/wp-json\/wp\/v2\/pages\/10799\/revisions"}],"predecessor-version":[{"id":10906,"href":"https:\/\/www.tesisinformatica.es\/cms\/wp-json\/wp\/v2\/pages\/10799\/revisions\/10906"}],"wp:attachment":[{"href":"https:\/\/www.tesisinformatica.es\/cms\/wp-json\/wp\/v2\/media?parent=10799"}],"curies":[{"name":"wp","href":"https:\/\/api.w.org\/{rel}","templated":true}]}}